{"id":445,"date":"2014-12-05T14:46:30","date_gmt":"2014-12-05T12:46:30","guid":{"rendered":"http:\/\/bestfinance.ch\/?page_id=445"},"modified":"2025-03-27T15:07:41","modified_gmt":"2025-03-27T14:07:41","slug":"empregos","status":"publish","type":"page","link":"https:\/\/www.bestfinance.ch\/pt\/jobs\/","title":{"rendered":"Est\u00e1gio para 2025"},"content":{"rendered":"<div data-elementor-type=\"wp-page\" data-elementor-id=\"445\" class=\"elementor elementor-445\" data-elementor-post-type=\"page\">\n\t\t\t\t\t\t<section class=\"elementor-section elementor-top-section elementor-element elementor-element-e6e0473 elementor-section-height-min-height elementor-section-boxed elementor-section-height-default elementor-section-items-middle\" data-id=\"e6e0473\" data-element_type=\"section\" data-e-type=\"section\" data-settings=\"{&quot;background_background&quot;:&quot;classic&quot;}\">\n\t\t\t\t\t\t<div class=\"elementor-container elementor-column-gap-default\">\n\t\t\t\t\t<div class=\"elementor-column elementor-col-100 elementor-top-column elementor-element elementor-element-639d195\" data-id=\"639d195\" data-element_type=\"column\" data-e-type=\"column\">\n\t\t\t<div class=\"elementor-widget-wrap\">\n\t\t\t\t\t\t\t<\/div>\n\t\t<\/div>\n\t\t\t\t\t<\/div>\n\t\t<\/section>\n\t\t\t\t<section class=\"elementor-section elementor-top-section elementor-element elementor-element-cc91db2 elementor-section-boxed elementor-section-height-default elementor-section-height-default\" data-id=\"cc91db2\" data-element_type=\"section\" data-e-type=\"section\">\n\t\t\t\t\t\t<div class=\"elementor-container elementor-column-gap-default\">\n\t\t\t\t\t<div class=\"elementor-column elementor-col-100 elementor-top-column elementor-element elementor-element-6134b9b\" data-id=\"6134b9b\" data-element_type=\"column\" data-e-type=\"column\">\n\t\t\t<div class=\"elementor-widget-wrap elementor-element-populated\">\n\t\t\t\t\t\t<div class=\"elementor-element elementor-element-44cde8a elementor-widget elementor-widget-text-editor\" data-id=\"44cde8a\" data-element_type=\"widget\" data-e-type=\"widget\" data-widget_type=\"text-editor.default\">\n\t\t\t\t\t\t\t\t\t<h1><span style=\"color: #333300;\"><strong>Est\u00e1gio comercial - <\/strong><span style=\"font-size: 20px;\">&nbsp;<\/span><\/span><strong style=\"color: #333300; font-size: 64px;\">para 2026<\/strong><\/h1>\n<div>&nbsp;<\/div>\n<p><strong>Estamos \u00e0 procura de uma pessoa motivada e empenhada para se juntar \u00e0 nossa equipa como empregado de processamento de cr\u00e9dito.<\/strong><\/p>\n<h3><strong>Dom\u00ednio de atividade<\/strong><strong>&nbsp;<\/strong><\/h3>\n<div>\n<ul>\n<li>Aconselhamento competente, vendas e servi\u00e7o ao cliente ao telefone ou na nossa rece\u00e7\u00e3o<\/li>\n<li>Identifica\u00e7\u00e3o de solu\u00e7\u00f5es de cr\u00e9dito personalizadas<\/li>\n<li>Valida\u00e7\u00e3o dos pedidos de empr\u00e9stimo recebidos, revis\u00e3o, processamento dos contratos<\/li>\n<li>Apoio ativo no desenvolvimento da nossa unidade de neg\u00f3cios e vendas<\/li>\n<li>Manuten\u00e7\u00e3o de dados no nosso CRM<\/li>\n<li>Obten\u00e7\u00e3o, controlo e arquivo dos documentos necess\u00e1rios dos clientes<\/li>\n<li>Obten\u00e7\u00e3o de informa\u00e7\u00f5es de bases de dados externas<\/li>\n<li>Construir e manter rela\u00e7\u00f5es comerciais sustent\u00e1veis com clientes e bancos parceiros<\/li>\n<li>Correspond\u00eancia exaustiva com os clientes<\/li>\n<\/ul>\n<\/div>\n<h3><strong>Qualifica\u00e7\u00f5es<\/strong><strong>&nbsp;<\/strong><\/h3>\n<ul>\n<li>Bons conhecimentos (paleta MS Office)<\/li>\n<li>L\u00edngua Alem\u00e3o <strong>&nbsp;(outras l\u00ednguas s\u00e3o uma vantagem)<\/strong><\/li>\n<li>Trabalho independente, preciso e cuidadoso<\/li>\n<li>Capacidade de venda<\/li>\n<li>Desfrutar de um contacto ativo com o cliente<\/li>\n<li>Resili\u00eancia e empenhamento<\/li>\n<li>Fi\u00e1vel e habituado a trabalhar de forma aut\u00f3noma<\/li>\n<\/ul>\n<h3><strong>O que lhe oferecemos<\/strong><strong>&nbsp;<\/strong><\/h3>\n<ul>\n<li>Espa\u00e7o de escrit\u00f3rios numa localiza\u00e7\u00e3o central com excelentes liga\u00e7\u00f5es de transportes p\u00fablicos (esta\u00e7\u00e3o ferrovi\u00e1ria de Aarau)<\/li>\n<li>Colabora\u00e7\u00e3o motivada numa equipa pequena, jovem e din\u00e2mica<\/li>\n<li>A oportunidade de contribuir e implementar as suas pr\u00f3prias ideias e estrat\u00e9gias<\/li>\n<\/ul>\n<h5>Isto agrada-te? Ent\u00e3o temos de nos conhecer melhor. Aguardamos com expetativa a sua candidatura!<\/h5>\n<h5><strong>Os documentos completos de candidatura devem ser enviados (de prefer\u00eancia por correio eletr\u00f3nico) para:<\/strong><\/h5>\n<h3>&nbsp;<\/h3>\n<p><strong>Best-Finance GmbH<br>Dino Ferraro<br>Caixa Postal 2350<br>5001 Aarau<br><\/strong><\/p>\n<p><strong><a title=\"Posi\u00e7\u00e3o de est\u00e1gio\" href=\"mailto:dino.ferraro@best-finance.ch\">dino.ferraro@best-finance.ch<\/a><br><\/strong><\/p>\n<p><a href=\"https:\/\/www.bestfinance.ch\/pt\/\">www.bestfinance.<\/a><\/p>\t\t\t\t\t\t\t\t<\/div>\n\t\t\t\t\t<\/div>\n\t\t<\/div>\n\t\t\t\t\t<\/div>\n\t\t<\/section>\n\t\t\t\t<\/div>","protected":false},"excerpt":{"rendered":"<p>Kaufm\u00e4nnisches Praktikum &#8211; &nbsp;f\u00fcr 2026 &nbsp; Wir suchen eine motivierte und engagierte Pers\u00f6nlichkeit als Mitarbeiter*in Kreditverarbeitung f\u00fcr unser Team. Aufgabenbereich&nbsp; Beratung, Verkauf und Kundenbetreuung am Telefon oder an unserem Empfangsschalter kompetent beraten Ermittlung von massgeschneiderten Kreditl\u00f6sungen Validierung der eingegangenen Kreditantr\u00e4ge, Pr\u00fcfung, Vertragsabwicklung Aktive Unterst\u00fctzung beim Aufbau unsere Gesch\u00e4ftsbereichs und Verkauf Datenpflege in unserem CRM Beschaffen, [&hellip;]<\/p>\n","protected":false},"author":2,"featured_media":182,"parent":0,"menu_order":6,"comment_status":"closed","ping_status":"closed","template":"","meta":{"_acf_changed":false,"_seopress_robots_primary_cat":"","_seopress_titles_title":"Praktikum 2025 in Kreditverarbeitung \u2013 Best-Finance","_seopress_titles_desc":"Schlie\u00dfen Sie sich unserem Team in Aarau an f\u00fcr ein Praktikum in Kreditverarbeitung und Kundenbetreuung 2025.","_seopress_robots_index":"","_eb_attr":"","site-sidebar-layout":"default","site-content-layout":null,"ast-site-content-layout":"default","site-content-style":"default","site-sidebar-style":"default","ast-global-header-display":"","ast-banner-title-visibility":"","ast-main-header-display":"","ast-hfb-above-header-display":null,"ast-hfb-below-header-display":null,"ast-hfb-mobile-header-display":null,"site-post-title":"disabled","ast-breadcrumbs-content":null,"ast-featured-img":"","footer-sml-layout":"","ast-disable-related-posts":"","theme-transparent-header-meta":"default","adv-header-id-meta":null,"stick-header-meta":"default","header-above-stick-meta":"","header-main-stick-meta":"","header-below-stick-meta":null,"astra-migrate-meta-layouts":"set","ast-page-background-enabled":"default","ast-page-background-meta":{"desktop":{"background-color":"","background-image":"","background-repeat":"repeat","background-position":"center center","background-size":"auto","background-attachment":"scroll","background-type":"","background-media":"","overlay-type":"","overlay-color":"","overlay-opacity":"","overlay-gradient":""},"tablet":{"background-color":"","background-image":"","background-repeat":"repeat","background-position":"center center","background-size":"auto","background-attachment":"scroll","background-type":"","background-media":"","overlay-type":"","overlay-color":"","overlay-opacity":"","overlay-gradient":""},"mobile":{"background-color":"","background-image":"","background-repeat":"repeat","background-position":"center center","background-size":"auto","background-attachment":"scroll","background-type":"","background-media":"","overlay-type":"","overlay-color":"","overlay-opacity":"","overlay-gradient":""}},"ast-content-background-meta":{"desktop":{"background-color":"var(--ast-global-color-5)","background-image":"","background-repeat":"repeat","background-position":"center center","background-size":"auto","background-attachment":"scroll","background-type":"","background-media":"","overlay-type":"","overlay-color":"","overlay-opacity":"","overlay-gradient":""},"tablet":{"background-color":"var(--ast-global-color-5)","background-image":"","background-repeat":"repeat","background-position":"center center","background-size":"auto","background-attachment":"scroll","background-type":"","background-media":"","overlay-type":"","overlay-color":"","overlay-opacity":"","overlay-gradient":""},"mobile":{"background-color":"var(--ast-global-color-5)","background-image":"","background-repeat":"repeat","background-position":"center center","background-size":"auto","background-attachment":"scroll","background-type":"","background-media":"","overlay-type":"","overlay-color":"","overlay-opacity":"","overlay-gradient":""}},"footnotes":""},"class_list":["post-445","page","type-page","status-publish","has-post-thumbnail","hentry"],"acf":[],"_links":{"self":[{"href":"https:\/\/www.bestfinance.ch\/pt\/wp-json\/wp\/v2\/pages\/445","targetHints":{"allow":["GET"]}}],"collection":[{"href":"https:\/\/www.bestfinance.ch\/pt\/wp-json\/wp\/v2\/pages"}],"about":[{"href":"https:\/\/www.bestfinance.ch\/pt\/wp-json\/wp\/v2\/types\/page"}],"author":[{"embeddable":true,"href":"https:\/\/www.bestfinance.ch\/pt\/wp-json\/wp\/v2\/users\/2"}],"replies":[{"embeddable":true,"href":"https:\/\/www.bestfinance.ch\/pt\/wp-json\/wp\/v2\/comments?post=445"}],"version-history":[{"count":4,"href":"https:\/\/www.bestfinance.ch\/pt\/wp-json\/wp\/v2\/pages\/445\/revisions"}],"predecessor-version":[{"id":199865,"href":"https:\/\/www.bestfinance.ch\/pt\/wp-json\/wp\/v2\/pages\/445\/revisions\/199865"}],"wp:featuredmedia":[{"embeddable":true,"href":"https:\/\/www.bestfinance.ch\/pt\/wp-json\/wp\/v2\/media\/182"}],"wp:attachment":[{"href":"https:\/\/www.bestfinance.ch\/pt\/wp-json\/wp\/v2\/media?parent=445"}],"curies":[{"name":"wp","href":"https:\/\/api.w.org\/{rel}","templated":true}]}}