{"id":445,"date":"2014-12-05T14:46:30","date_gmt":"2014-12-05T12:46:30","guid":{"rendered":"http:\/\/bestfinance.ch\/?page_id=445"},"modified":"2025-03-27T15:07:41","modified_gmt":"2025-03-27T14:07:41","slug":"lavori","status":"publish","type":"page","link":"https:\/\/www.bestfinance.ch\/it\/jobs\/","title":{"rendered":"Stage per il 2025"},"content":{"rendered":"<div data-elementor-type=\"wp-page\" data-elementor-id=\"445\" class=\"elementor elementor-445\" data-elementor-post-type=\"page\">\n\t\t\t\t\t\t<section class=\"elementor-section elementor-top-section elementor-element elementor-element-e6e0473 elementor-section-height-min-height elementor-section-boxed elementor-section-height-default elementor-section-items-middle\" data-id=\"e6e0473\" data-element_type=\"section\" data-e-type=\"section\" data-settings=\"{&quot;background_background&quot;:&quot;classic&quot;}\">\n\t\t\t\t\t\t<div class=\"elementor-container elementor-column-gap-default\">\n\t\t\t\t\t<div class=\"elementor-column elementor-col-100 elementor-top-column elementor-element elementor-element-639d195\" data-id=\"639d195\" data-element_type=\"column\" data-e-type=\"column\">\n\t\t\t<div class=\"elementor-widget-wrap\">\n\t\t\t\t\t\t\t<\/div>\n\t\t<\/div>\n\t\t\t\t\t<\/div>\n\t\t<\/section>\n\t\t\t\t<section class=\"elementor-section elementor-top-section elementor-element elementor-element-cc91db2 elementor-section-boxed elementor-section-height-default elementor-section-height-default\" data-id=\"cc91db2\" data-element_type=\"section\" data-e-type=\"section\">\n\t\t\t\t\t\t<div class=\"elementor-container elementor-column-gap-default\">\n\t\t\t\t\t<div class=\"elementor-column elementor-col-100 elementor-top-column elementor-element elementor-element-6134b9b\" data-id=\"6134b9b\" data-element_type=\"column\" data-e-type=\"column\">\n\t\t\t<div class=\"elementor-widget-wrap elementor-element-populated\">\n\t\t\t\t\t\t<div class=\"elementor-element elementor-element-44cde8a elementor-widget elementor-widget-text-editor\" data-id=\"44cde8a\" data-element_type=\"widget\" data-e-type=\"widget\" data-widget_type=\"text-editor.default\">\n\t\t\t\t\t\t\t\t\t<h1><span style=\"color: #333300;\"><strong>Stage commerciale - <\/strong><span style=\"font-size: 20px;\">&nbsp;<\/span><\/span><strong style=\"color: #333300; font-size: 64px;\">per il 2026<\/strong><\/h1>\n<div>&nbsp;<\/div>\n<p><strong>Siamo alla ricerca di una persona motivata e impegnata che si unisca al nostro team come impiegato addetto all'elaborazione dei crediti.<\/strong><\/p>\n<h3><strong>Campo di attivit\u00e0<\/strong><strong>&nbsp;<\/strong><\/h3>\n<div>\n<ul>\n<li>Consulenza, vendita e assistenza clienti competenti al telefono o alla reception<\/li>\n<li>Identificazione di soluzioni di credito personalizzate<\/li>\n<li>Convalida delle domande di prestito ricevute, revisione, elaborazione del contratto<\/li>\n<li>Supporto attivo nello sviluppo della nostra business unit e delle vendite<\/li>\n<li>Manutenzione dei dati nel nostro CRM<\/li>\n<li>Procurare, controllare e archiviare i documenti necessari per i clienti.<\/li>\n<li>Ottenere informazioni sul database esterno<\/li>\n<li>Costruire e mantenere relazioni commerciali sostenibili con i clienti e le banche partner.<\/li>\n<li>Corrispondenza completa con i clienti<\/li>\n<\/ul>\n<\/div>\n<h3><strong>Qualifiche<\/strong><strong>&nbsp;<\/strong><\/h3>\n<ul>\n<li>Buona conoscenza (palette MS Office)<\/li>\n<li>Lingua tedesco <strong>&nbsp;(altre lingue sono un vantaggio)<\/strong><\/li>\n<li>Lavoro indipendente, preciso e attento<\/li>\n<li>Attitudine alle vendite<\/li>\n<li>Godere di un contatto attivo con i clienti<\/li>\n<li>Resilienza e impegno<\/li>\n<li>Affidabile e abituato a lavorare in modo indipendente<\/li>\n<\/ul>\n<h3><strong>Cosa vi offriamo<\/strong><strong>&nbsp;<\/strong><\/h3>\n<ul>\n<li>Spazio per uffici in posizione centrale con ottimi collegamenti con i mezzi pubblici (stazione ferroviaria di Aarau)<\/li>\n<li>Collaborazione motivata in un team piccolo, giovane e dinamico<\/li>\n<li>L'opportunit\u00e0 di contribuire e implementare le proprie idee e strategie<\/li>\n<\/ul>\n<h5>Ti piace questo? Allora dovremmo conoscerci. Saremo lieti di ricevere la vostra candidatura!<\/h5>\n<h5><strong>Si prega di inviare la documentazione completa per la candidatura (preferibilmente via e-mail) a:<\/strong><\/h5>\n<h3>&nbsp;<\/h3>\n<p><strong>Best-Finance Sarl<br>Dino Ferraro<br>Casella postale 2350<br>5001 Aarau<br><\/strong><\/p>\n<p><strong><a title=\"Posizione di tirocinio\" href=\"mailto:dino.ferraro@best-finance.ch\">dino.ferraro@best-finance.ch<\/a><br><\/strong><\/p>\n<p><a href=\"https:\/\/www.bestfinance.ch\/it\/\">www.bestfinance.<\/a><\/p>\t\t\t\t\t\t\t\t<\/div>\n\t\t\t\t\t<\/div>\n\t\t<\/div>\n\t\t\t\t\t<\/div>\n\t\t<\/section>\n\t\t\t\t<\/div>","protected":false},"excerpt":{"rendered":"<p>Kaufm\u00e4nnisches Praktikum &#8211; &nbsp;f\u00fcr 2026 &nbsp; Wir suchen eine motivierte und engagierte Pers\u00f6nlichkeit als Mitarbeiter*in Kreditverarbeitung f\u00fcr unser Team. Aufgabenbereich&nbsp; Beratung, Verkauf und Kundenbetreuung am Telefon oder an unserem Empfangsschalter kompetent beraten Ermittlung von massgeschneiderten Kreditl\u00f6sungen Validierung der eingegangenen Kreditantr\u00e4ge, Pr\u00fcfung, Vertragsabwicklung Aktive Unterst\u00fctzung beim Aufbau unsere Gesch\u00e4ftsbereichs und Verkauf Datenpflege in unserem CRM Beschaffen, [&hellip;]<\/p>\n","protected":false},"author":2,"featured_media":182,"parent":0,"menu_order":6,"comment_status":"closed","ping_status":"closed","template":"","meta":{"_acf_changed":false,"_seopress_robots_primary_cat":"","_seopress_titles_title":"Praktikum 2025 in Kreditverarbeitung \u2013 Best-Finance","_seopress_titles_desc":"Schlie\u00dfen Sie sich unserem Team in Aarau an f\u00fcr ein Praktikum in Kreditverarbeitung und Kundenbetreuung 2025.","_seopress_robots_index":"","_eb_attr":"","site-sidebar-layout":"default","site-content-layout":null,"ast-site-content-layout":"default","site-content-style":"default","site-sidebar-style":"default","ast-global-header-display":"","ast-banner-title-visibility":"","ast-main-header-display":"","ast-hfb-above-header-display":null,"ast-hfb-below-header-display":null,"ast-hfb-mobile-header-display":null,"site-post-title":"disabled","ast-breadcrumbs-content":null,"ast-featured-img":"","footer-sml-layout":"","ast-disable-related-posts":"","theme-transparent-header-meta":"default","adv-header-id-meta":null,"stick-header-meta":"default","header-above-stick-meta":"","header-main-stick-meta":"","header-below-stick-meta":null,"astra-migrate-meta-layouts":"set","ast-page-background-enabled":"default","ast-page-background-meta":{"desktop":{"background-color":"","background-image":"","background-repeat":"repeat","background-position":"center center","background-size":"auto","background-attachment":"scroll","background-type":"","background-media":"","overlay-type":"","overlay-color":"","overlay-opacity":"","overlay-gradient":""},"tablet":{"background-color":"","background-image":"","background-repeat":"repeat","background-position":"center center","background-size":"auto","background-attachment":"scroll","background-type":"","background-media":"","overlay-type":"","overlay-color":"","overlay-opacity":"","overlay-gradient":""},"mobile":{"background-color":"","background-image":"","background-repeat":"repeat","background-position":"center center","background-size":"auto","background-attachment":"scroll","background-type":"","background-media":"","overlay-type":"","overlay-color":"","overlay-opacity":"","overlay-gradient":""}},"ast-content-background-meta":{"desktop":{"background-color":"var(--ast-global-color-5)","background-image":"","background-repeat":"repeat","background-position":"center center","background-size":"auto","background-attachment":"scroll","background-type":"","background-media":"","overlay-type":"","overlay-color":"","overlay-opacity":"","overlay-gradient":""},"tablet":{"background-color":"var(--ast-global-color-5)","background-image":"","background-repeat":"repeat","background-position":"center center","background-size":"auto","background-attachment":"scroll","background-type":"","background-media":"","overlay-type":"","overlay-color":"","overlay-opacity":"","overlay-gradient":""},"mobile":{"background-color":"var(--ast-global-color-5)","background-image":"","background-repeat":"repeat","background-position":"center center","background-size":"auto","background-attachment":"scroll","background-type":"","background-media":"","overlay-type":"","overlay-color":"","overlay-opacity":"","overlay-gradient":""}},"footnotes":""},"class_list":["post-445","page","type-page","status-publish","has-post-thumbnail","hentry"],"acf":[],"_links":{"self":[{"href":"https:\/\/www.bestfinance.ch\/it\/wp-json\/wp\/v2\/pages\/445","targetHints":{"allow":["GET"]}}],"collection":[{"href":"https:\/\/www.bestfinance.ch\/it\/wp-json\/wp\/v2\/pages"}],"about":[{"href":"https:\/\/www.bestfinance.ch\/it\/wp-json\/wp\/v2\/types\/page"}],"author":[{"embeddable":true,"href":"https:\/\/www.bestfinance.ch\/it\/wp-json\/wp\/v2\/users\/2"}],"replies":[{"embeddable":true,"href":"https:\/\/www.bestfinance.ch\/it\/wp-json\/wp\/v2\/comments?post=445"}],"version-history":[{"count":4,"href":"https:\/\/www.bestfinance.ch\/it\/wp-json\/wp\/v2\/pages\/445\/revisions"}],"predecessor-version":[{"id":199865,"href":"https:\/\/www.bestfinance.ch\/it\/wp-json\/wp\/v2\/pages\/445\/revisions\/199865"}],"wp:featuredmedia":[{"embeddable":true,"href":"https:\/\/www.bestfinance.ch\/it\/wp-json\/wp\/v2\/media\/182"}],"wp:attachment":[{"href":"https:\/\/www.bestfinance.ch\/it\/wp-json\/wp\/v2\/media?parent=445"}],"curies":[{"name":"wp","href":"https:\/\/api.w.org\/{rel}","templated":true}]}}