{"id":3200,"date":"2016-08-09T11:18:15","date_gmt":"2016-08-09T10:18:15","guid":{"rendered":"https:\/\/www.bestfinance.ch\/?page_id=3200"},"modified":"2026-03-03T14:04:37","modified_gmt":"2026-03-03T13:04:37","slug":"caricamento-di-file","status":"publish","type":"page","link":"https:\/\/www.bestfinance.ch\/it\/datei-upload\/","title":{"rendered":"Caricamento dei file"},"content":{"rendered":"\t\t<div data-elementor-type=\"wp-post\" data-elementor-id=\"3200\" class=\"elementor elementor-3200\" data-elementor-post-type=\"page\">\n\t\t\t\t\t\t<section class=\"elementor-section elementor-top-section elementor-element elementor-element-c607a69 elementor-section-height-min-height elementor-section-boxed elementor-section-height-default elementor-section-items-middle\" data-id=\"c607a69\" data-element_type=\"section\" data-e-type=\"section\" data-settings=\"{&quot;background_background&quot;:&quot;classic&quot;}\">\n\t\t\t\t\t\t<div class=\"elementor-container elementor-column-gap-default\">\n\t\t\t\t\t<div class=\"elementor-column elementor-col-100 elementor-top-column elementor-element elementor-element-141daa6\" data-id=\"141daa6\" data-element_type=\"column\" data-e-type=\"column\">\n\t\t\t<div class=\"elementor-widget-wrap\">\n\t\t\t\t\t\t\t<\/div>\n\t\t<\/div>\n\t\t\t\t\t<\/div>\n\t\t<\/section>\n\t\t<div class=\"elementor-element elementor-element-27fdbe8 e-flex e-con-boxed e-con e-parent\" data-id=\"27fdbe8\" data-element_type=\"container\" data-e-type=\"container\" data-settings=\"{&quot;background_background&quot;:&quot;classic&quot;}\">\n\t\t\t\t\t<div class=\"e-con-inner\">\n\t\t\t\t<div class=\"elementor-element elementor-element-e10b21f fluentform-widget-submit-button-center fluent-form-widget-step-header-yes fluent-form-widget-step-progressbar-yes fluentform-widget-submit-button-custom elementor-widget elementor-widget-fluent-form-widget\" data-id=\"e10b21f\" data-element_type=\"widget\" data-e-type=\"widget\" data-widget_type=\"fluent-form-widget.default\">\n\t\t\t\t<div class=\"elementor-widget-container\">\n\t\t\t\t\t\n            <div class=\"fluentform-widget-wrapper fluentform-widget-align-default\">\n\n            \n            <div class='fluentform ff-default fluentform_wrapper_7 ffs_default_wrap'><form data-form_id=\"7\" id=\"fluentform_7\" class=\"frm-fluent-form fluent_form_7 ff-el-form-top ff_form_instance_7_1 ff-form-loading ffs_default\" data-form_instance=\"ff_form_instance_7_1\" method=\"POST\" ><fieldset  style=\"border: none!important;margin: 0!important;padding: 0!important;background-color: transparent!important;box-shadow: none!important;outline: none!important; min-inline-size: 100%;\">\n                    <legend class=\"ff_screen_reader_title\" style=\"display: block; margin: 0!important;padding: 0!important;height: 0!important;text-indent: -999999px;width: 0!important;overflow:hidden;\">Datei-Upload<\/legend>        <div\n                style=\"display: none!important; position: absolute!important; transform: translateX(1000%)!important;\"\n                class=\"ff-el-group ff-hpsf-container\"\n        >\n            <div class=\"ff-el-input--label asterisk-right\">\n                <label for=\"ff_7_item_sf\" aria-label=\"Newsletter\">\n                    Newsletter                <\/label>\n            <\/div>\n            <div class=\"ff-el-input--content\">\n                <input type=\"text\"\n                       name=\"item_7__fluent_sf\"\n                       class=\"ff-el-form-control\"\n                       id=\"ff_7_item_sf\"\n                \/>\n            <\/div>\n        <\/div>\n        <input type='hidden' name='__fluent_form_embded_post_id' value='3200' \/><input type=\"hidden\" id=\"_fluentform_7_fluentformnonce\" name=\"_fluentform_7_fluentformnonce\" value=\"fd1c97f4ba\" \/><input type=\"hidden\" name=\"_wp_http_referer\" value=\"\/it\/wp-json\/wp\/v2\/pages\/3200\" \/><input type=\"hidden\" name=\"sp\" value=\"it_IT\" data-name=\"sp\" ><input type=\"hidden\" name=\"fo\" value=\"\" data-name=\"fo\" ><div class=\"ff-el-group ff-el-section-break  ff_left\" data-name=\"section_break-7_1\" ><h3 class='ff-el-section-title'>Dateien hochladen<\/h3><div class='ff-section_break_desk'><p>Hier k\u00f6nnen Sie die erforderlichen Unterlagen entweder fotografieren oder als bestehende Datei hochladen.<\/p>\n<p>Folgende Dateiformate werden akzeptiert: <strong>PDF, JPG, JPEG, GIF, PNG und BMP<\/strong>. Sie k\u00f6nnen bis zu maximal <strong>20 Dateien hochladen<\/strong>.<\/p><\/div><hr \/><\/div><div class='ff-el-group'><div class=\"ff-el-input--label ff-el-is-required asterisk-right\"><label for='ff_7_email' id='label_ff_7_email' aria-label=\"Ihre Email\">Ihre Email<\/label><\/div><div class='ff-el-input--content'><input type=\"email\" name=\"email\" value=\"\" id=\"ff_7_email\" class=\"ff-el-form-control\" placeholder=\"ihre@email.com\" data-name=\"email\"  aria-invalid=\"false\" aria-required=true><\/div><\/div><div class='ff-el-group dropzone'><div class=\"ff-el-input--label ff-el-is-required asterisk-right\"><label for='ff_7_file-upload_1' id='label_ff_7_file-upload_1' aria-label=\"Dateien hochladen\">Dateien hochladen<\/label><\/div><div class='ff-el-input--content'><label for='ff_7_file-upload_1' class='ff_file_upload_holder'><span class='ff_upload_btn ff-btn' tabindex='0'>Dateien ausw\u00e4hlen \/ Fotografieren<\/span> <input type=\"file\" name=\"file-upload\" id=\"ff_7_file-upload_1\" class=\"ff-el-form-control dropzone ff-screen-reader-element\" data-name=\"file-upload\" multiple=\"1\"  aria-invalid='false' aria-required=true><\/label><\/div><\/div><div class='ff-el-group'><div class=\"ff-el-input--label asterisk-right\"><label for='ff_7_message' id='label_ff_7_message' aria-label=\"Ihre Nachricht\">Ihre Nachricht<\/label><\/div><div class='ff-el-input--content'><textarea aria-required=\"false\" aria-labelledby=\"label_ff_7_message\" name=\"message\" id=\"ff_7_message\" class=\"ff-el-form-control\" rows=\"4\" cols=\"2\" data-name=\"message\" ><\/textarea><\/div><\/div><div class='ff-el-group    ff-el-input--content'><div class='ff-el-form-check ff-el-tc'><label aria-label='Ich erkl\u00e4re mich damit einverstanden, dass die von mir hochgeladenen Bilder oder Dateien gespeichert und verarbeitet werden. Die Daten werden ausschlie\u00dflich zum Zweck der Bearbeitung meines Antrags verwendet und unter Einhaltung der geltenden Datenschutzbestimmungen behandelt. Eine Weitergabe an Dritte erfolgt nur, wenn dies zur Erf\u00fcllung vertraglicher Verpflichtungen notwendig ist oder ich ausdr\u00fccklich zugestimmt habe. Diese Einwilligung kann ich jederzeit mit Wirkung f\u00fcr die Zukunft widerrufen.' class='ff-el-form-check-label ff_tc_label' for=gdpr-agreement_9ae7ddf0d56f67c4abf9632700a53156><span class='ff_tc_checkbox'><input type=\"checkbox\" name=\"gdpr-agreement\" class=\"ff-el-form-check-input ff_gdpr_field\" data-name=\"gdpr-agreement\" id=\"gdpr-agreement_9ae7ddf0d56f67c4abf9632700a53156\"  value='on' aria-invalid='false' aria-required=true><\/span> <div class='ff_t_c'>Ich erkl\u00e4re mich damit einverstanden, dass die von mir hochgeladenen Bilder oder Dateien gespeichert und verarbeitet werden. Die Daten werden ausschlie\u00dflich zum Zweck der Bearbeitung meines Antrags verwendet und unter Einhaltung der geltenden Datenschutzbestimmungen behandelt. Eine Weitergabe an Dritte erfolgt nur, wenn dies zur Erf\u00fcllung vertraglicher Verpflichtungen notwendig ist oder ich ausdr\u00fccklich zugestimmt habe. Diese Einwilligung kann ich jederzeit mit Wirkung f\u00fcr die Zukunft widerrufen.<\/div><\/label><\/div><\/div><div class='ff-el-group ff-text-center Button1 ff_submit_btn_wrapper ff_submit_btn_wrapper_custom'><button class=\"ff-btn ff-btn-submit ff-btn-lg Button1 ff_btn_style wpf_has_custom_css\" type=\"submit\" name=\"custom_submit_button-7_2\" data-name=\"custom_submit_button-7_2\"  aria-label=\"Dateien jetzt senden\">Dateien jetzt senden<\/button><style>form.fluent_form_7 .wpf_has_custom_css.ff-btn-submit { background-color:rgba(64, 158, 255, 1);border-color:#409EFF;color:#ffffff;border-radius:11px;min-width:80%; }form.fluent_form_7 .wpf_has_custom_css.ff-btn-submit:hover { background-color:#ffffff;border-color:#409EFF;color:#409EFF;min-width:100%; } <\/style><\/div><\/fieldset><\/form><div id='fluentform_7_errors' class='ff-errors-in-stack ff_form_instance_7_1 ff-form-loading_errors ff_form_instance_7_1_errors'><\/div><\/div>            <script type=\"text\/javascript\">\n                window.fluent_form_ff_form_instance_7_1 = {\"id\":\"7\",\"ajaxUrl\":\"https:\\\/\\\/www.bestfinance.ch\\\/wp-admin\\\/admin-ajax.php\",\"settings\":{\"layout\":{\"labelPlacement\":\"top\",\"helpMessagePlacement\":\"with_label\",\"errorMessagePlacement\":\"inline\",\"asteriskPlacement\":\"asterisk-right\"},\"id\":\"39\",\"restrictions\":{\"denyEmptySubmission\":{\"enabled\":false}}},\"form_instance\":\"ff_form_instance_7_1\",\"form_id_selector\":\"fluentform_7\",\"rules\":{\"email\":{\"required\":{\"value\":true,\"message\":\"Die Email ist erforderlich \",\"global\":false,\"global_message\":\"Dieses Feld ist erforderlich\"},\"email\":{\"value\":true,\"message\":\"Dieses Feld muss eine g\\u00fcltige E-Mail enthalten\",\"global\":false,\"global_message\":\"Dieses Feld muss eine g\\u00fcltige E-Mail-Adresse enthalten\"}},\"file-upload\":{\"required\":{\"value\":true,\"message\":\"Bitte laden Sie mindestens 1 Datei hoch, um das Formular absenden zu k\\u00f6nnen.\",\"global_message\":\"Dieses Feld ist erforderlich\",\"global\":false},\"max_file_size\":{\"value\":52428800,\"_valueFrom\":\"MB\",\"message\":\"Validierung schl\\u00e4gt bei maximaler Dateigr\\u00f6\\u00dfe fehl\",\"global_message\":\"Validierung schl\\u00e4gt bei maximaler Dateigr\\u00f6\\u00dfe fehl\",\"global\":true},\"max_file_count\":{\"value\":\"20\",\"message\":\"Validierung schl\\u00e4gt bei maximaler Dateianzahl fehl\",\"global_message\":\"Validierung schl\\u00e4gt bei maximaler Dateianzahl fehl\",\"global\":true},\"allowed_file_types\":{\"value\":[\"jpg|jpeg|gif|png|bmp\",\"pdf\"],\"message\":\"Ung\\u00fcltiger Dateityp\",\"global_message\":\"Ung\\u00fcltiger Dateityp\",\"global\":true}},\"message\":{\"required\":{\"value\":false,\"message\":\"This field is required\",\"global\":false,\"global_message\":\"Dieses Feld ist erforderlich\"}},\"gdpr-agreement\":{\"required\":{\"value\":true,\"message\":\"Dieses Feld ist erforderlich\",\"global_message\":\"Dieses Feld ist erforderlich\",\"global\":true}}},\"debounce_time\":300};\n                            <\/script>\n                        <\/div>\n\n            \t\t\t\t<\/div>\n\t\t\t\t<\/div>\n\t\t\t\t<div class=\"elementor-element elementor-element-42810c1 elementor-widget elementor-widget-image\" data-id=\"42810c1\" data-element_type=\"widget\" data-e-type=\"widget\" data-widget_type=\"image.default\">\n\t\t\t\t\t\t\t\t\t\t\t\t\t\t\t<img decoding=\"async\" src=\"https:\/\/www.bestfinance.ch\/wp-content\/uploads\/elementor\/thumbs\/depositphotos_358888704_s-qvwcjw2cbrhfapl8ms8orpp67pfaimm4gaq2gqoq4c.jpg\" title=\"depositphotos 358888704 s\" alt=\"Gr\u00fcnes Logo f\u00fcr sichere SSL-Verschl\u00fcsselung\" loading=\"lazy\" \/>\t\t\t\t\t\t\t\t\t\t\t\t\t\t\t<\/div>\n\t\t\t\t<div class=\"elementor-element elementor-element-cfea809 elementor-widget elementor-widget-spacer\" data-id=\"cfea809\" data-element_type=\"widget\" data-e-type=\"widget\" data-widget_type=\"spacer.default\">\n\t\t\t\t\t\t\t<div class=\"elementor-spacer\">\n\t\t\t<div class=\"elementor-spacer-inner\"><\/div>\n\t\t<\/div>\n\t\t\t\t\t\t<\/div>\n\t\t\t\t\t<\/div>\n\t\t\t\t<\/div>\n\t\t<div class=\"elementor-element elementor-element-709f69f e-grid e-con-boxed e-con e-parent\" data-id=\"709f69f\" data-element_type=\"container\" data-e-type=\"container\" data-settings=\"{&quot;background_background&quot;:&quot;gradient&quot;}\">\n\t\t\t\t\t<div class=\"e-con-inner\">\n\t\t\t\t<div class=\"elementor-element elementor-element-9a2f072 elementor-widget elementor-widget-text-editor\" data-id=\"9a2f072\" data-element_type=\"widget\" data-e-type=\"widget\" data-widget_type=\"text-editor.default\">\n\t\t\t\t\t\t\t\t\t<h2>Tipps f\u00fcr das Fotografieren von Dokumenten<\/h2><ol><li>F\u00fcr gute Dokumentenfotos ist vor allem viel Licht wichtig. <strong><strong><strong>Achten Sie deshalb auf eine gute Beleuchtung.<br \/><\/strong><\/strong><\/strong><\/li><li><strong>Halten Sie beim Fotografieren etwas Abstand<\/strong>, um unscharfe Bilder zu vermeiden, und lassen Sie einen kleinen Rand um das Dokument, <strong><strong><strong>damit kein Text abgeschnitten wird.<br \/><br \/><\/strong><\/strong><\/strong><\/li><li><strong><strong><strong>Wenn Sie diese Tipps befolgen, gelingen Ihnen perfekte Fotos von Ihren Unterlagen.<br \/><br \/><\/strong><\/strong><\/strong><\/li><li>Wir empfehlen die kostenlose <strong>App Microsoft Lens, Adobe Scan oder CamScanner<\/strong>. Damit wird Ihr Ger\u00e4t zu einem leistungsstarken mobilen<br \/>Scanner.<br \/><br \/><div data-no-translation=\"\"><p>Google Play<br \/><a href=\"https:\/\/play.google.com\/store\/apps\/details?id=com.microsoft.office.officelens\"><strong>Microsoft Lens<\/strong><\/a><br \/><a href=\"https:\/\/play.google.com\/store\/apps\/details?id=com.adobe.scan.android&amp;hl=de_CH\"><strong>Adobe Scan<\/strong><\/a><br \/><a href=\"https:\/\/play.google.com\/store\/search?q=Camscanner&amp;c=apps&amp;hl=de_CH\"><strong>CamScanner<\/strong><\/a><\/p><p>Iphone App Store<br \/><a href=\"https:\/\/apps.apple.com\/ch\/app\/microsoft-lens-pdf-scanner\/id975925059\"><strong>Microsoft Lens<\/strong><\/a><br \/><strong><a href=\"https:\/\/apps.apple.com\/de\/app\/adobe-scan-pdf-ocr-scanner\/id1199564834\">Adobe Scan<\/a><\/strong><br \/><a href=\"https:\/\/apps.apple.com\/de\/app\/camscanner-pdf-scanner-app\/id388627783\"><strong>CamScanner<\/strong><\/a><\/p><\/div><\/li><\/ol>\t\t\t\t\t\t\t\t<\/div>\n\t\t\t\t<div class=\"elementor-element elementor-element-a355a7c elementor-widget elementor-widget-image\" data-id=\"a355a7c\" data-element_type=\"widget\" data-e-type=\"widget\" data-widget_type=\"image.default\">\n\t\t\t\t\t\t\t\t\t\t\t\t\t\t\t<img fetchpriority=\"high\" decoding=\"async\" width=\"1000\" height=\"336\" src=\"https:\/\/www.bestfinance.ch\/wp-content\/uploads\/2017\/04\/Scannen-Vorlage.jpg\" class=\"attachment-full size-full wp-image-10545\" alt=\"bestfinance - Kredit Unterlagen downloaden\" srcset=\"https:\/\/www.bestfinance.ch\/wp-content\/uploads\/2017\/04\/Scannen-Vorlage.jpg 1000w, https:\/\/www.bestfinance.ch\/wp-content\/uploads\/2017\/04\/Scannen-Vorlage-300x101.jpg 300w, https:\/\/www.bestfinance.ch\/wp-content\/uploads\/2017\/04\/Scannen-Vorlage-768x258.jpg 768w, https:\/\/www.bestfinance.ch\/wp-content\/uploads\/2017\/04\/Scannen-Vorlage-20x7.jpg 20w, https:\/\/www.bestfinance.ch\/wp-content\/uploads\/2017\/04\/Scannen-Vorlage-125x42.jpg 125w\" sizes=\"(max-width: 1000px) 100vw, 1000px\" \/>\t\t\t\t\t\t\t\t\t\t\t\t\t\t\t<\/div>\n\t\t\t\t\t<\/div>\n\t\t\t\t<\/div>\n\t\t<div class=\"elementor-element elementor-element-2bc1800 e-flex e-con-boxed e-con e-parent\" data-id=\"2bc1800\" data-element_type=\"container\" data-e-type=\"container\">\n\t\t\t\t\t<div class=\"e-con-inner\">\n\t\t<div class=\"elementor-element elementor-element-6801e69 e-con-full e-flex e-con e-child\" data-id=\"6801e69\" data-element_type=\"container\" data-e-type=\"container\">\n\t\t\t\t<div class=\"elementor-element elementor-element-09dfb85 elementor-widget elementor-widget-spacer\" data-id=\"09dfb85\" data-element_type=\"widget\" data-e-type=\"widget\" data-widget_type=\"spacer.default\">\n\t\t\t\t\t\t\t<div class=\"elementor-spacer\">\n\t\t\t<div class=\"elementor-spacer-inner\"><\/div>\n\t\t<\/div>\n\t\t\t\t\t\t<\/div>\n\t\t\t\t<div class=\"elementor-element elementor-element-959881d elementor-widget elementor-widget-video\" data-id=\"959881d\" data-element_type=\"widget\" data-e-type=\"widget\" data-settings=\"{&quot;youtube_url&quot;:&quot;https:\\\/\\\/www.youtube.com\\\/shorts\\\/hRWXBIUO-zg&quot;,&quot;video_type&quot;:&quot;youtube&quot;,&quot;controls&quot;:&quot;yes&quot;}\" data-no-translation=\"\" data-widget_type=\"video.default\">\n\t\t\t\t\t<style>.elementor-element-959881d{display:none !important}<\/style>\t\t\t\t<\/div>\n\t\t\t\t<div class=\"elementor-element elementor-element-16a8f0d elementor-widget elementor-widget-video\" data-id=\"16a8f0d\" data-element_type=\"widget\" data-e-type=\"widget\" data-settings=\"{&quot;youtube_url&quot;:&quot;https:\\\/\\\/youtube.com\\\/shorts\\\/zOAKenTW6Cw?feature=share&quot;,&quot;video_type&quot;:&quot;youtube&quot;,&quot;controls&quot;:&quot;yes&quot;}\" data-no-translation=\"\" data-widget_type=\"video.default\">\n\t\t\t\t\t\t\t<div class=\"elementor-wrapper elementor-open-inline\">\n\t\t\t<div class=\"elementor-video\"><\/div>\t\t<\/div>\n\t\t\t\t\t\t<\/div>\n\t\t\t\t<div class=\"elementor-element elementor-element-c75d051 elementor-widget elementor-widget-video\" data-id=\"c75d051\" data-element_type=\"widget\" data-e-type=\"widget\" data-settings=\"{&quot;youtube_url&quot;:&quot;https:\\\/\\\/youtube.com\\\/shorts\\\/jmJA_l8B90g&quot;,&quot;video_type&quot;:&quot;youtube&quot;,&quot;controls&quot;:&quot;yes&quot;}\" data-no-translation=\"\" data-widget_type=\"video.default\">\n\t\t\t\t\t<style>.elementor-element-c75d051{display:none !important}<\/style>\t\t\t\t<\/div>\n\t\t\t\t<div class=\"elementor-element elementor-element-dc35097 elementor-widget elementor-widget-video\" data-id=\"dc35097\" data-element_type=\"widget\" data-e-type=\"widget\" data-settings=\"{&quot;youtube_url&quot;:&quot;https:\\\/\\\/youtube.com\\\/shorts\\\/mBOXYIEBCx4?feature=share&quot;,&quot;video_type&quot;:&quot;youtube&quot;,&quot;controls&quot;:&quot;yes&quot;}\" data-no-translation=\"\" data-widget_type=\"video.default\">\n\t\t\t\t\t<style>.elementor-element-dc35097{display:none !important}<\/style>\t\t\t\t<\/div>\n\t\t\t\t<\/div>\n\t\t<div class=\"elementor-element elementor-element-5023345 e-con-full e-flex e-con e-child\" data-id=\"5023345\" data-element_type=\"container\" data-e-type=\"container\">\n\t\t\t\t<\/div>\n\t\t\t\t\t<\/div>\n\t\t\t\t<\/div>\n\t\t\t\t<\/div>\n\t\t","protected":false},"excerpt":{"rendered":"<p>Datei-Upload Updates Dateien hochladen Hier k\u00f6nnen Sie die erforderlichen Unterlagen entweder fotografieren oder als bestehende Datei hochladen. Folgende Dateiformate werden akzeptiert: PDF, JPG, JPEG, GIF, PNG und BMP. Sie k\u00f6nnen bis zu maximal 20 Dateien hochladen. Ihre EmailDateien hochladenDateien ausw\u00e4hlen \/ Fotografieren Ihre Nachricht Ich erkl\u00e4re mich damit einverstanden, dass die von mir hochgeladenen Bilder [&hellip;]<\/p>\n","protected":false},"author":1,"featured_media":0,"parent":0,"menu_order":0,"comment_status":"closed","ping_status":"closed","template":"","meta":{"_acf_changed":false,"_seopress_robots_primary_cat":"","_seopress_titles_title":"Datei-Upload \u203a Kredit - bestfinance.ch","_seopress_titles_desc":"Zum Fotografieren braucht es vor allem Licht und davon am besten viel. Daher ist eine gute Beleuchtung Grundvoraussetzung f\u00fcr eine brauchbare Dokumentkopie. Fotografieren Sie nicht zu nahe, denn das Bild k\u00f6nnte unscharf werden . Lassen Sie auf jeder Seite des Bildes einen ...","_seopress_robots_index":"","_eb_attr":"","site-sidebar-layout":"default","site-content-layout":"default","ast-site-content-layout":"default","site-content-style":"default","site-sidebar-style":"default","ast-global-header-display":"","ast-banner-title-visibility":"","ast-main-header-display":"","ast-hfb-above-header-display":"","ast-hfb-below-header-display":"","ast-hfb-mobile-header-display":"","site-post-title":"disabled","ast-breadcrumbs-content":"","ast-featured-img":"","footer-sml-layout":"","ast-disable-related-posts":"","theme-transparent-header-meta":"default","adv-header-id-meta":null,"stick-header-meta":"default","header-above-stick-meta":"","header-main-stick-meta":"","header-below-stick-meta":"","astra-migrate-meta-layouts":"default","ast-page-background-enabled":"default","ast-page-background-meta":{"desktop":{"background-color":"","background-image":"","background-repeat":"repeat","background-position":"center center","background-size":"auto","background-attachment":"scroll","background-type":"","background-media":"","overlay-type":"","overlay-color":"","overlay-opacity":"","overlay-gradient":""},"tablet":{"background-color":"","background-image":"","background-repeat":"repeat","background-position":"center center","background-size":"auto","background-attachment":"scroll","background-type":"","background-media":"","overlay-type":"","overlay-color":"","overlay-opacity":"","overlay-gradient":""},"mobile":{"background-color":"","background-image":"","background-repeat":"repeat","background-position":"center center","background-size":"auto","background-attachment":"scroll","background-type":"","background-media":"","overlay-type":"","overlay-color":"","overlay-opacity":"","overlay-gradient":""}},"ast-content-background-meta":{"desktop":{"background-color":"var(--ast-global-color-5)","background-image":"","background-repeat":"repeat","background-position":"center center","background-size":"auto","background-attachment":"scroll","background-type":"","background-media":"","overlay-type":"","overlay-color":"","overlay-opacity":"","overlay-gradient":""},"tablet":{"background-color":"var(--ast-global-color-5)","background-image":"","background-repeat":"repeat","background-position":"center center","background-size":"auto","background-attachment":"scroll","background-type":"","background-media":"","overlay-type":"","overlay-color":"","overlay-opacity":"","overlay-gradient":""},"mobile":{"background-color":"var(--ast-global-color-5)","background-image":"","background-repeat":"repeat","background-position":"center center","background-size":"auto","background-attachment":"scroll","background-type":"","background-media":"","overlay-type":"","overlay-color":"","overlay-opacity":"","overlay-gradient":""}},"footnotes":""},"class_list":["post-3200","page","type-page","status-publish","hentry"],"acf":[],"_links":{"self":[{"href":"https:\/\/www.bestfinance.ch\/it\/wp-json\/wp\/v2\/pages\/3200","targetHints":{"allow":["GET"]}}],"collection":[{"href":"https:\/\/www.bestfinance.ch\/it\/wp-json\/wp\/v2\/pages"}],"about":[{"href":"https:\/\/www.bestfinance.ch\/it\/wp-json\/wp\/v2\/types\/page"}],"author":[{"embeddable":true,"href":"https:\/\/www.bestfinance.ch\/it\/wp-json\/wp\/v2\/users\/1"}],"replies":[{"embeddable":true,"href":"https:\/\/www.bestfinance.ch\/it\/wp-json\/wp\/v2\/comments?post=3200"}],"version-history":[{"count":24,"href":"https:\/\/www.bestfinance.ch\/it\/wp-json\/wp\/v2\/pages\/3200\/revisions"}],"predecessor-version":[{"id":203053,"href":"https:\/\/www.bestfinance.ch\/it\/wp-json\/wp\/v2\/pages\/3200\/revisions\/203053"}],"wp:attachment":[{"href":"https:\/\/www.bestfinance.ch\/it\/wp-json\/wp\/v2\/media?parent=3200"}],"curies":[{"name":"wp","href":"https:\/\/api.w.org\/{rel}","templated":true}]}}