{"id":250,"date":"2014-11-25T17:02:00","date_gmt":"2014-11-25T15:02:00","guid":{"rendered":"http:\/\/bestfinance.ch\/?page_id=250"},"modified":"2021-05-25T13:20:17","modified_gmt":"2021-05-25T11:20:17","slug":"impressum-it","status":"publish","type":"page","link":"https:\/\/www.bestfinance.ch\/it\/impressum\/","title":{"rendered":"Impressum"},"content":{"rendered":"<div class=\"txt-main main-content-block\">\n<p><strong>Siamo un'azienda di credito moderna e dinamica, impegnata da oltre 10 anni nella mediazione di prestiti personali e mutui.<\/strong> (Agenzia di credito ufficialmente autorizzata)<\/p>\n<p>Il nostro obiettivo \u00e8 quello di facilitare l'elaborazione dei prestiti in modo rapido e semplice.<\/p>\n<p><strong>L'offerta di prestiti personali in Svizzera \u00e8 varia e confusa. \u00c8 quasi impossibile per gli individui tenere traccia di queste offerte, selezionare i fornitori dubbiosi e ottenere la migliore offerta di prestito possibile con poco sforzo.<\/strong><\/p>\n<p>Grazie a un'assistenza ottimale e a banche partner accuratamente selezionate, siamo in grado di garantirvi una soluzione di finanziamento personalizzata con i tassi di interesse pi\u00f9 bassi.<\/p>\n<p>Il nostro servizio di alta qualit\u00e0 \u00e8 sempre garantito dalla massima discrezione, affidabilit\u00e0 e un alto livello di competenza.<\/p>\n<p><span style=\"color: #339966;\">Tutti i nostri servizi sono gratuiti e senza impegno!<\/span><\/p>\n<p>Sede centrale:<br \/>\n<strong>Best-Finance Sarl<\/strong><br \/>\n<strong>Bahnhofstrasse 67<\/strong><br \/>\n<strong>Casella postale 2140<\/strong><br \/>\n<strong>5001 Aarau<\/strong><\/p>\n<p><a href=\"mailto:info@bestfinance.ch\">info@bestfinance.ch<\/a><\/p>\n<p>Tel. 062 823 08 03<br \/>\nFax 062 823 08 04<\/p>\n<p>Registro commerciale: <strong>CHE-110.500.807<\/strong><\/p>\n<p><strong>Best-Finance GmbH \u00e8 una societ\u00e0 svizzera controllata e certificata con licenza cantonale per la mediazione creditizia.<\/strong><\/p>\n<div style=\"width: 750px;\" class=\"wp-video\"><video class=\"wp-video-shortcode\" id=\"video-250-1\" width=\"750\" height=\"422\" poster=\"https:\/\/www.bestfinance.ch\/wp-content\/uploads\/2015\/03\/Ueber-uns.jpg\" preload=\"metadata\" controls=\"controls\"><source type=\"video\/mp4\" src=\"https:\/\/www.bestfinance.ch\/wp-content\/uploads\/2015\/03\/bestfinance-Portrait.mp4?_=1\" \/><a href=\"https:\/\/www.bestfinance.ch\/wp-content\/uploads\/2015\/03\/bestfinance-Portrait.mp4\">https:\/\/www.bestfinance.ch\/wp-content\/uploads\/2015\/03\/bestfinance-Portrait.mp4<\/a><\/video><\/div>\n<\/div>\n<div class=\"txt-main main-content-block\">\n<p><a href=\"https:\/\/ag.chregister.ch\/cr-portal\/auszug\/auszug.xhtml;jsessionid=ec04042c270c4933666c9dec8b73?uid=CHE-110.500.807\">Registro commerciale del Canton Argovia<\/a><\/p>\n<p><a href=\"https:\/\/www.zefix.ch\/de\/search\/entity\/list\/firm\/734980?name=best-finance&amp;searchType=exact\">Indice centrale dell'azienda Zefix.ch<\/a><\/p>\n<p><a href=\"http:\/\/stadtbranche.ch\/p-6860&amp;c=1\">Ingresso Citt\u00e0Esperienze di filiale<\/a><\/p>\n<\/div>","protected":false},"excerpt":{"rendered":"<p>Wir sind ein modernes und dynamisches Kreditunternehmen, das sich seit \u00fcber\u00a010 Jahren mit der Vermittlung von Privatkrediten und Hypotheken befasst. (Amtlich bewilligte Kreditagentur) Unser Ziel ist es, eine rasche und unkomplizierte Kreditabwicklung zu erm\u00f6glichen. Das Angebot f\u00fcr Privat Kredite in der Schweiz ist vielf\u00e4ltig und un\u00fcbersichtlich. Diese Angebote zu \u00fcberblicken, zweifelhafte Anbieter auszusortieren und mit [&hellip;]<\/p>\n","protected":false},"author":1,"featured_media":182,"parent":0,"menu_order":0,"comment_status":"closed","ping_status":"open","template":"","meta":{"_acf_changed":false,"_seopress_robots_primary_cat":"","_seopress_titles_title":"bestfinance.ch - Unser Impressum","_seopress_titles_desc":"Entdecken Sie massgeschneiderte Kreditl\u00f6sungen mit niedrigen Zinsen und professioneller Beratung bei Best-Finance.","_seopress_robots_index":"","_eb_attr":"","site-sidebar-layout":"default","site-content-layout":"plain-container","ast-site-content-layout":"default","site-content-style":"default","site-sidebar-style":"default","ast-global-header-display":"","ast-banner-title-visibility":"","ast-main-header-display":"","ast-hfb-above-header-display":"","ast-hfb-below-header-display":"","ast-hfb-mobile-header-display":"","site-post-title":"","ast-breadcrumbs-content":"","ast-featured-img":"","footer-sml-layout":"","ast-disable-related-posts":"","theme-transparent-header-meta":"disabled","adv-header-id-meta":null,"stick-header-meta":"default","header-above-stick-meta":"","header-main-stick-meta":"","header-below-stick-meta":"","astra-migrate-meta-layouts":"default","ast-page-background-enabled":"default","ast-page-background-meta":{"desktop":{"background-color":"","background-image":"","background-repeat":"repeat","background-position":"center center","background-size":"auto","background-attachment":"scroll","background-type":"","background-media":"","overlay-type":"","overlay-color":"","overlay-opacity":"","overlay-gradient":""},"tablet":{"background-color":"","background-image":"","background-repeat":"repeat","background-position":"center center","background-size":"auto","background-attachment":"scroll","background-type":"","background-media":"","overlay-type":"","overlay-color":"","overlay-opacity":"","overlay-gradient":""},"mobile":{"background-color":"","background-image":"","background-repeat":"repeat","background-position":"center center","background-size":"auto","background-attachment":"scroll","background-type":"","background-media":"","overlay-type":"","overlay-color":"","overlay-opacity":"","overlay-gradient":""}},"ast-content-background-meta":{"desktop":{"background-color":"var(--ast-global-color-5)","background-image":"","background-repeat":"repeat","background-position":"center center","background-size":"auto","background-attachment":"scroll","background-type":"","background-media":"","overlay-type":"","overlay-color":"","overlay-opacity":"","overlay-gradient":""},"tablet":{"background-color":"var(--ast-global-color-5)","background-image":"","background-repeat":"repeat","background-position":"center center","background-size":"auto","background-attachment":"scroll","background-type":"","background-media":"","overlay-type":"","overlay-color":"","overlay-opacity":"","overlay-gradient":""},"mobile":{"background-color":"var(--ast-global-color-5)","background-image":"","background-repeat":"repeat","background-position":"center center","background-size":"auto","background-attachment":"scroll","background-type":"","background-media":"","overlay-type":"","overlay-color":"","overlay-opacity":"","overlay-gradient":""}},"footnotes":""},"class_list":["post-250","page","type-page","status-publish","has-post-thumbnail","hentry"],"acf":[],"_links":{"self":[{"href":"https:\/\/www.bestfinance.ch\/it\/wp-json\/wp\/v2\/pages\/250","targetHints":{"allow":["GET"]}}],"collection":[{"href":"https:\/\/www.bestfinance.ch\/it\/wp-json\/wp\/v2\/pages"}],"about":[{"href":"https:\/\/www.bestfinance.ch\/it\/wp-json\/wp\/v2\/types\/page"}],"author":[{"embeddable":true,"href":"https:\/\/www.bestfinance.ch\/it\/wp-json\/wp\/v2\/users\/1"}],"replies":[{"embeddable":true,"href":"https:\/\/www.bestfinance.ch\/it\/wp-json\/wp\/v2\/comments?post=250"}],"version-history":[{"count":0,"href":"https:\/\/www.bestfinance.ch\/it\/wp-json\/wp\/v2\/pages\/250\/revisions"}],"wp:featuredmedia":[{"embeddable":true,"href":"https:\/\/www.bestfinance.ch\/it\/wp-json\/wp\/v2\/media\/182"}],"wp:attachment":[{"href":"https:\/\/www.bestfinance.ch\/it\/wp-json\/wp\/v2\/media?parent=250"}],"curies":[{"name":"wp","href":"https:\/\/api.w.org\/{rel}","templated":true}]}}