{"id":202084,"date":"2025-10-30T18:52:27","date_gmt":"2025-10-30T17:52:27","guid":{"rendered":"https:\/\/www.bestfinance.ch\/?page_id=202084"},"modified":"2025-10-30T20:34:03","modified_gmt":"2025-10-30T19:34:03","slug":"legal-information","status":"publish","type":"page","link":"https:\/\/www.bestfinance.ch\/it\/legal-information\/","title":{"rendered":"Informazioni legali"},"content":{"rendered":"<div data-elementor-type=\"wp-page\" data-elementor-id=\"202084\" class=\"elementor elementor-202084\" data-elementor-post-type=\"page\">\n\t\t\t\t\t\t<section class=\"elementor-section elementor-top-section elementor-element elementor-element-9888707 elementor-section-height-min-height elementor-section-boxed elementor-section-height-default elementor-section-items-middle\" data-id=\"9888707\" data-element_type=\"section\" data-e-type=\"section\" data-settings=\"{&quot;background_background&quot;:&quot;gradient&quot;}\">\n\t\t\t\t\t\t<div class=\"elementor-container elementor-column-gap-default\">\n\t\t\t\t\t<div class=\"elementor-column elementor-col-100 elementor-top-column elementor-element elementor-element-e965e18\" data-id=\"e965e18\" data-element_type=\"column\" data-e-type=\"column\">\n\t\t\t<div class=\"elementor-widget-wrap elementor-element-populated\">\n\t\t\t\t\t\t<div class=\"elementor-element elementor-element-fa4e011 elementor-widget elementor-widget-spacer\" data-id=\"fa4e011\" data-element_type=\"widget\" data-e-type=\"widget\" data-widget_type=\"spacer.default\">\n\t\t\t\t\t\t\t<div class=\"elementor-spacer\">\n\t\t\t<div class=\"elementor-spacer-inner\"><\/div>\n\t\t<\/div>\n\t\t\t\t\t\t<\/div>\n\t\t\t\t\t<\/div>\n\t\t<\/div>\n\t\t\t\t\t<\/div>\n\t\t<\/section>\n\t\t\t\t<section class=\"elementor-section elementor-top-section elementor-element elementor-element-23adf51 elementor-section-boxed elementor-section-height-default elementor-section-height-default\" data-id=\"23adf51\" data-element_type=\"section\" data-e-type=\"section\">\n\t\t\t\t\t\t<div class=\"elementor-container elementor-column-gap-default\">\n\t\t\t\t\t<div class=\"elementor-column elementor-col-100 elementor-top-column elementor-element elementor-element-049658e\" data-id=\"049658e\" data-element_type=\"column\" data-e-type=\"column\">\n\t\t\t<div class=\"elementor-widget-wrap elementor-element-populated\">\n\t\t\t\t\t\t<div class=\"elementor-element elementor-element-3b3cd83 elementor-widget elementor-widget-spacer\" data-id=\"3b3cd83\" data-element_type=\"widget\" data-e-type=\"widget\" data-widget_type=\"spacer.default\">\n\t\t\t\t\t\t\t<div class=\"elementor-spacer\">\n\t\t\t<div class=\"elementor-spacer-inner\"><\/div>\n\t\t<\/div>\n\t\t\t\t\t\t<\/div>\n\t\t\t\t\t<\/div>\n\t\t<\/div>\n\t\t\t\t\t<\/div>\n\t\t<\/section>\n\t\t<div class=\"elementor-element elementor-element-214c692 e-flex e-con-boxed e-con e-parent\" data-id=\"214c692\" data-element_type=\"container\" data-e-type=\"container\">\n\t\t\t\t\t<div class=\"e-con-inner\">\n\t\t\t\t<div class=\"elementor-element elementor-element-05dd7bd elementor-widget elementor-widget-shortcode\" data-id=\"05dd7bd\" data-element_type=\"widget\" data-e-type=\"widget\" data-widget_type=\"shortcode.default\">\n\t\t\t\t\t\t\t<div class=\"elementor-shortcode\">\t\t<div data-elementor-type=\"wp-page\" data-elementor-id=\"201456\" class=\"elementor elementor-201456\" data-elementor-post-type=\"page\">\n\t\t\t\t<div class=\"elementor-element elementor-element-3898288 e-flex e-con-boxed e-con e-parent\" data-id=\"3898288\" data-element_type=\"container\" data-e-type=\"container\">\n\t\t\t\t\t<div class=\"e-con-inner\">\n\t\t\t\t<div class=\"elementor-element elementor-element-49f4901 elementor-widget elementor-widget-html\" data-id=\"49f4901\" data-element_type=\"widget\" data-e-type=\"widget\" data-widget_type=\"html.default\">\n\t\t\t\t\t<style>.elementor-element-49f4901{display:none !important}<\/style>\t\t\t\t<\/div>\n\t\t\t\t<div class=\"elementor-element elementor-element-1859c74 elementor-widget elementor-widget-html\" data-id=\"1859c74\" data-element_type=\"widget\" data-e-type=\"widget\" data-widget_type=\"html.default\">\n\t\t\t\t\t<style>.elementor-element-1859c74{display:none !important}<\/style>\t\t\t\t<\/div>\n\t\t\t\t<div class=\"elementor-element elementor-element-76d3c04 elementor-widget elementor-widget-html\" data-id=\"76d3c04\" data-element_type=\"widget\" data-e-type=\"widget\" data-widget_type=\"html.default\">\n\t\t\t\t\t<!-- ====== Best-Finance GmbH \u2013 Informazioni legali (IT, versione fissa) ====== -->\r\n<div class=\"rechtliche-info-container tp-no-translate trp-notranslate notranslate\"\r\n     data-no-translation\r\n data-no-dynamic-translation\r\n translate=\"no\" data-no-auto-translation=\"\">\r\n  <div class=\"meta-bar\" aria-label=\"Versions\u00adinformationen\">\r\n    <span class=\"meta-pill\">Versione Italiana<\/span>\r\n    <span class=\"meta-date\">Ultimo aggiornamento: 30.10.2025<\/span>\r\n  <\/div>\r\n    <h1>Importanti informazioni legali<\/h1>\r\n    <p>Importanti informazioni legali<\/p>\r\n\r\n    <p>Si prega di leggere attentamente queste condizioni. Accedendo a questo sito web, ai sottositi e ai siti collegati di Best-Finance GmbH dichiarate di aver compreso e di accettare le seguenti condizioni d\u2019uso e le informazioni legali in relazione a questo sito web (e agli elementi in esso contenuti). Se non siete d\u2019accordo con le seguenti condizioni, siete pregati di astenervi dall\u2019accedere a questo sito web e alle sue pagine.<\/p>\r\n\r\n    <h2>Privacy, Internet e e-mail<\/h2>\r\n    <p>Ai sensi dell\u2019art. 13 della Costituzione federale svizzera e sulla base della legislazione sulla protezione dei dati, ogni persona ha diritto alla tutela della propria sfera privata e alla protezione contro l\u2019abuso dei propri dati personali. La Best-Finance GmbH si attiene a queste disposizioni.<\/p>\r\n    <p>Internet \u00e8 aperto e accessibile a tutti. La Best-Finance GmbH fa ogni sforzo per proteggere i miei dati e salvaguardare la mia privacy. Per questo motivo, tutti i dati riservati vengono trasmessi tra il mio browser e il server web della Best-Finance GmbH solo in forma criptata.<\/p>\r\n    <p>Con la presente prendo atto e acconsento all\u2019utilizzo della cosiddetta tecnologia dei \u00abcookies\u00bb. Questa tecnologia consente di visualizzare il sito web senza problemi e in modo adeguato alle esigenze dell\u2019utente. Un \u00abcookie\u00bb \u00e8 un file informativo che, memorizzato sul mio terminale, consente di riconoscere il mio computer in occasione di visite successive alla Best-Finance GmbH. Prendo atto che il mio browser ha diverse impostazioni relative all\u2019accettazione o meno dei cookie.<\/p>\r\n    <p>Accedendo e utilizzando questo sito web e le sue pagine, accetto che la Best-Finance GmbH possa contattarmi anche tramite l\u2019indirizzo e-mail e il numero di telefono (messaggi di testo e applicazioni di messaggistica) da me registrati tramite questo sito web. Tali e-mail vengono inviate in chiaro via Internet. Dato che Internet \u00e8 una rete mondiale aperta e accessibile a tutti, la Best-Finance GmbH non pu\u00f2 garantire la riservatezza nell\u2019invio di e-mail. Tuttavia, le e-mail inviate dalla Best-Finance GmbH in questo modo non contengono mai dati sensibili. Inoltre, la Best-Finance GmbH non chiede mai a clienti e richiedenti di fornire o verificare dati sensibili via e-mail o link su Internet.<\/p>\r\n\r\n    <h2>Nessuna offerta<\/h2>\r\n    <p>Le informazioni pubblicate sul sito web della Best-Finance GmbH non costituiscono una sollecitazione, un\u2019offerta o una raccomandazione per l\u2019acquisto o la vendita di un prodotto, per effettuare determinate transazioni o per concludere qualsiasi altro negozio giuridico.<\/p>\r\n\r\n    <h2>Destinatari<\/h2>\r\n    <p>Il sito web della Best-Finance GmbH si rivolge esclusivamente alle persone fisiche residenti in Svizzera o nel Principato del Liechtenstein, nonch\u00e9 alle persone giuridiche o alle societ\u00e0 di persone e alle societ\u00e0 di persone con sede in Svizzera o nel Principato del Liechtenstein.<\/p>\r\n\r\n    <h2>Diritti di propriet\u00e0 e diritti di propriet\u00e0 intellettuale<\/h2>\r\n    <p>Se non diversamente specificato, tutti gli elementi di questo sito appartengono esclusivamente e completamente a Best-Finance GmbH (in particolare diritti d\u2019autore e altri diritti), sia come propriet\u00e0 che come licenziatario. Gli elementi sono liberamente utilizzabili solo per la navigazione. Qualsiasi altro utilizzo richiede l\u2019espresso consenso scritto della Best-Finance GmbH.<\/p>\r\n    <p>bestfinance.ch, best-finance.ch, bestcredit.ch, bestkredit.ch, getcredit.ch, creditcompare.ch, credito-barato, creditobarato, kreditvergleichschweiz.ch, smartcompare.ch e cash-credit.ch sono nomi a dominio registrati di Best-Finance GmbH. Nessuna parte del sito \u00e8 progettata in modo da concedere una licenza o il diritto di utilizzare un\u2019immagine, un marchio registrato o un logo. Il download o la copia del sito non trasferisce all\u2019utente alcun diritto in relazione al software o agli elementi del sito.<\/p>\r\n\r\n    <h2>Esclusione di garanzia e responsabilit\u00e0<\/h2>\r\n    <p>La Best-Finance GmbH fornisce le informazioni e le opinioni senza alcuna garanzia. Non si assume alcuna responsabilit\u00e0 e non fornisce alcuna garanzia che i suoi siti siano pienamente funzionali o privi di errori o virus.<\/p>\r\n    <p>\u00c8 esclusa qualsiasi responsabilit\u00e0 di Best-Finance Sarl, ad eccezione dei danni intenzionalmente causati dall\u2019accesso agli elementi del sito o dal loro utilizzo (o dall\u2019impossibilit\u00e0 di accesso o di utilizzo).<\/p>\r\n\r\n    <h2>Link<\/h2>\r\n    <p>Best-Finance GmbH non ha esaminato nessuno dei siti web collegati al Sito e non \u00e8 responsabile del contenuto di altri siti web collegati al Sito. La creazione di link ad altri siti web \u00e8 a vostro rischio e pericolo.<\/p>\r\n\r\n    <h2>Accesso limitato<\/h2>\r\n    <p>I siti della Best-Finance GmbH non sono destinati a persone soggette a una giurisdizione che vieta la pubblicazione o l\u2019accesso ai siti della Best-Finance GmbH. Alle persone a cui si applicano tali restrizioni non \u00e8 consentito l\u2019accesso ai siti della Best-Finance Sarl.<\/p>\r\n\r\n    <h2>Foro competente e legge applicabile<\/h2>\r\n    <p>Per tutte le controversie tra gli utenti di questo sito e la Best-Finance GmbH derivanti dalla gestione o dalla visita del sito, Aarau \u00e8 convenuto come foro competente esclusivo. La Best-Finance GmbH \u00e8 inoltre libera di intentare un\u2019azione legale presso il luogo di residenza\/sede dell\u2019utente. Si applica il diritto svizzero.<\/p>\r\n    <p>In caso di ambiguit\u00e0, la formulazione tedesca delle informazioni legali ha la precedenza.<\/p>\r\n\r\n    <br>\r\n    <h1>Disclaimer - Esclusione di responsabilit\u00e0 per le richieste di credito online<\/h1>\r\n    <p>Prendo atto che Best-Finance Sarl inoltra la mia richiesta di verifica a Cembra Money Bank AG, Bank Now AG, bob Finance AG, good finance AG,Migros Banque, creditgate AG, Corn\u00e8r Bank AG, Credaris AG tramite Internet, e-mail o per fax\/posta. Inoltre prendo atto e\/o confermo quanto segue.<\/p>\r\n\r\n    <h3>Verifica della richiesta e informazioni di credito<\/h3>\r\n    <p>Confermo che tutti i miei dati riportati nella richiesta sono completi, aggiornati e corretti e autorizzo l\u2019istituto di finanziamento, ai fini della verifica della presente richiesta e dell\u2019esecuzione del rapporto contrattuale, a raccogliere informazioni sulla mia persona presso terzi, in particolare banche, la Centrale per le informazioni di credito (ZEK), autorit\u00e0 (p. es. uffici di esecuzione, uffici del registro fondiario e uffici fiscali, controlli abitanti, autorit\u00e0 di protezione dei minori e degli adulti), agenzie di informazioni economiche, intermediari di credito, datori di lavoro, societ\u00e0 appartenenti al gruppo dell\u2019istituto di finanziamento e, se necessario, presso la Centrale d\u2019informazione per il credito al consumo (IKO). Per le finalit\u00e0 sopra indicate, esonero tali uffici dal segreto bancario, postale, d\u2019ufficio e commerciale. Prendo atto che, se del caso, l\u2019istituto finanziario \u00e8 tenuto a notificare alla Centrale d\u2019informazione per il credito al consumo (IKO) ogni leasing \/ credito al consumo da concedere o concesso. Autorizzo, inoltre, l\u2019istituto di finanziamento a comunicare alla ZEK l\u2019operazione richiesta, nonch\u00e9 ad avvisare anche altri uffici, in caso di corrispondenti obblighi di legge. Specificamente, vengono segnalati in particolare il tipo, l\u2019importo e le modalit\u00e0 del credito e\/o finanziamento, nonch\u00e9 i dati personali del\/la richiedente e, eventualmente, eventuali arretrati di pagamento o abusi qualificati. Inoltre, accetto che la ZEK sia autorizzata a informare i propri membri in merito ai dati forniti. L\u2019istituto di finanziamento pu\u00f2 respingere la richiesta senza indicarne i motivi.<\/p>\r\n\r\n    <h3>Collaborazione con intermediari<\/h3>\r\n    <p>Prendo atto che, in caso di richieste ricevute da un intermediario, l\u2019istituto di finanziamento pu\u00f2 scambiare con quest\u2019ultimo le informazioni necessarie relative alla verifica della richiesta\/della capacit\u00e0 creditizia, nonch\u00e9 alla stipulazione e alla gestione del contratto (p. es. parametri ed esito della verifica della richiesta, recapito dei documenti contrattuali, informazioni sullo stato del contratto e sulle abitudini di pagamento, nonch\u00e9 saldo) e, in tale misura, esonero l\u2019istituto di finanziamento, qualora e ove necessario, dal segreto bancario.<\/p>\r\n\r\n    <h3>Dati relativi ai partner<\/h3>\r\n    <p>Qualora nella richiesta io abbia fornito informazioni sul(la) mio\/a coniuge o partner registrato\/a (\u201cpartner\u201d), confermo che (i) ho informato il\/la mio\/a partner in merito a detta richiesta, (ii) che l\u2019istituto di finanziamento pu\u00f2 verificare i dati sopra riportati rivolgendo domande dirette al(la) mio\/a partner e (iii) che il\/la mio\/a partner accetta che l\u2019istituto di finanziamento possa richiedere informazioni che lo\/la riguardano come sopra descritto (ivi inclusa l\u2019esecuzione di richieste di informazioni alla ZEK).<\/p>\r\n\r\n    <h3>Elaborazione dati<\/h3>\r\n    <p>Prendo atto che l\u2019istituto di finanziamento pu\u00f2 elaborare i miei dati per la verifica della mia richiesta, nonch\u00e9 ai fini della valutazione del rischio e di marketing (analisi dei dati e profilazione). Inoltre, posso ricevere per posta o per telefono offerte concernenti altri prodotti e servizi anche da societ\u00e0 del gruppo dell\u2019istituto di finanziamento o da altri terzi. Io posso oppormi in qualsiasi momento a tale trattamento dei dati a fini di marketing. Fornendo il mio indirizzo e-mail accetto inoltre che l\u2019istituto di finanziamento possa inviarmi le suddette offerte anche per E-Mail, WhatsApp, SMS. In relazione alla comunicazione aperta via e-mail, accetto espressamente il rischio che i miei dati possano essere intercettati o pubblicati da terzi al momento della loro trasmissione, oppure che terzi non autorizzati possano dedurre la sussistenza di un rapporto contrattuale tra l\u2019istituto di finanziamento e me e che, pertanto, n\u00e9 la riservatezza, n\u00e9 il segreto bancario siano garantiti. Posso revocare in qualsiasi momento il mio consenso all\u2019invio elettronico di materiale pubblicitario.<\/p>\r\n\r\n    <h3>Collaborazione con fornitori di servizi (outsourcing)<\/h3>\r\n    <p>Prendo atto che l\u2019istituto di finanziamento pu\u00f2 esternalizzare servizi, in particolare nell\u2019ambito dello svolgimento di processi commerciali, della sicurezza IT e della gestione dei sistemi informatici, della ricerca e analisi di mercato, del calcolo dei rischi di credito e di mercato rilevanti per l\u2019attivit\u00e0 commerciale e della gestione dei rapporti contrattuali (p. es. gestione delle richieste e dei contratti, riscossione crediti, comunicazione con i clienti) a terzi (\u201cfornitori di servizi\u201d). L\u2019istituto di finanziamento mette a disposizione di detti fornitori di servizi i dati necessari all\u2019adempimento degli obblighi contrattuali, oltre a poterli trasmettere per tale finalit\u00e0 anche all\u2019estero. I fornitori di servizi, i loro collaboratori e subappaltatori, sono obbligati per contratto dall\u2019istituto di finanziamento a mantenere la riservatezza. I fornitori di servizi si trovano di norma in Svizzera o nell\u2019area UE\/SEE, ma in linea di principio possono avere sede in tutto il mondo. Qualora i dati personali siano trasmessi in uno Stato che, dal punto di vista della Svizzera, non dispone di un adeguato livello di protezione dei dati, l\u2019istituto di finanziamento garantir\u00e0 un\u2019adeguata protezione dei dati mediante idonee garanzie, come per es. la convenzione sulle clausole contrattuali standard.<\/p>\r\n\r\n    <p>Prendo atto che la comunicazione tra l\u2019istituto di finanziamento e me e\/o l\u2019intermediario pu\u00f2 avvenire tramite canali elettronici. L\u2019intermediario e l\u2019istituto di finanziamento non sono in grado di garantire la riservatezza dei dati in caso di trasmissione via Internet. \u00c8 quindi possibile che terzi possano risalire a una relazione d\u2019affari (eventualmente una relazione bancaria) esistente o di imminente instaurazione tra me e l\u2019istituto di finanziamento.<\/p>\r\n\r\n    <p>Ulteriori informazioni sul trattamento dei dati personali da parte dell\u2019istituto di finanziamento sono contenute nell\u2019informativa sulla protezione dei dati disponibile sul suo sito web, oppure possono essere richieste all\u2019istituto stesso.<\/p>\r\n\r\n    <p><strong>La concessione del credito \u00e8 vietata se conduce a un eccessivo indebitamento del consumatore (art. 3 LCSI).<\/strong><\/p>\r\n<\/div>\t\t\t\t<\/div>\n\t\t\t\t\t<\/div>\n\t\t\t\t<\/div>\n\t\t\t\t<\/div>\n\t\t<\/div>\n\t\t\t\t\t\t<\/div>\n\t\t\t\t\t<\/div>\n\t\t\t\t<\/div>\n\t\t\t\t<\/div>","protected":false},"excerpt":{"rendered":"","protected":false},"author":2,"featured_media":0,"parent":0,"menu_order":0,"comment_status":"closed","ping_status":"closed","template":"","meta":{"_acf_changed":false,"_seopress_robots_primary_cat":"","_seopress_titles_title":"","_seopress_titles_desc":"","_seopress_robots_index":"","_eb_attr":"","site-sidebar-layout":"no-sidebar","site-content-layout":null,"ast-site-content-layout":"full-width-container","site-content-style":"unboxed","site-sidebar-style":"unboxed","ast-global-header-display":"","ast-banner-title-visibility":"","ast-main-header-display":"","ast-hfb-above-header-display":null,"ast-hfb-below-header-display":null,"ast-hfb-mobile-header-display":null,"site-post-title":"disabled","ast-breadcrumbs-content":null,"ast-featured-img":"disabled","footer-sml-layout":"","ast-disable-related-posts":"","theme-transparent-header-meta":"default","adv-header-id-meta":null,"stick-header-meta":"default","header-above-stick-meta":"","header-main-stick-meta":"","header-below-stick-meta":null,"astra-migrate-meta-layouts":"default","ast-page-background-enabled":"default","ast-page-background-meta":{"desktop":{"background-color":"","background-image":"","background-repeat":"repeat","background-position":"center center","background-size":"auto","background-attachment":"scroll","background-type":"","background-media":"","overlay-type":"","overlay-color":"","overlay-opacity":"","overlay-gradient":""},"tablet":{"background-color":"","background-image":"","background-repeat":"repeat","background-position":"center center","background-size":"auto","background-attachment":"scroll","background-type":"","background-media":"","overlay-type":"","overlay-color":"","overlay-opacity":"","overlay-gradient":""},"mobile":{"background-color":"","background-image":"","background-repeat":"repeat","background-position":"center center","background-size":"auto","background-attachment":"scroll","background-type":"","background-media":"","overlay-type":"","overlay-color":"","overlay-opacity":"","overlay-gradient":""}},"ast-content-background-meta":{"desktop":{"background-color":"var(--ast-global-color-5)","background-image":"","background-repeat":"repeat","background-position":"center center","background-size":"auto","background-attachment":"scroll","background-type":"","background-media":"","overlay-type":"","overlay-color":"","overlay-opacity":"","overlay-gradient":""},"tablet":{"background-color":"var(--ast-global-color-5)","background-image":"","background-repeat":"repeat","background-position":"center center","background-size":"auto","background-attachment":"scroll","background-type":"","background-media":"","overlay-type":"","overlay-color":"","overlay-opacity":"","overlay-gradient":""},"mobile":{"background-color":"var(--ast-global-color-5)","background-image":"","background-repeat":"repeat","background-position":"center center","background-size":"auto","background-attachment":"scroll","background-type":"","background-media":"","overlay-type":"","overlay-color":"","overlay-opacity":"","overlay-gradient":""}},"footnotes":""},"class_list":["post-202084","page","type-page","status-publish","hentry"],"acf":[],"_links":{"self":[{"href":"https:\/\/www.bestfinance.ch\/it\/wp-json\/wp\/v2\/pages\/202084","targetHints":{"allow":["GET"]}}],"collection":[{"href":"https:\/\/www.bestfinance.ch\/it\/wp-json\/wp\/v2\/pages"}],"about":[{"href":"https:\/\/www.bestfinance.ch\/it\/wp-json\/wp\/v2\/types\/page"}],"author":[{"embeddable":true,"href":"https:\/\/www.bestfinance.ch\/it\/wp-json\/wp\/v2\/users\/2"}],"replies":[{"embeddable":true,"href":"https:\/\/www.bestfinance.ch\/it\/wp-json\/wp\/v2\/comments?post=202084"}],"version-history":[{"count":10,"href":"https:\/\/www.bestfinance.ch\/it\/wp-json\/wp\/v2\/pages\/202084\/revisions"}],"predecessor-version":[{"id":202133,"href":"https:\/\/www.bestfinance.ch\/it\/wp-json\/wp\/v2\/pages\/202084\/revisions\/202133"}],"wp:attachment":[{"href":"https:\/\/www.bestfinance.ch\/it\/wp-json\/wp\/v2\/media?parent=202084"}],"curies":[{"name":"wp","href":"https:\/\/api.w.org\/{rel}","templated":true}]}}