{"id":14626,"date":"2020-05-26T15:00:00","date_gmt":"2020-05-26T14:00:00","guid":{"rendered":"https:\/\/www.bestfinance.ch\/?page_id=14626"},"modified":"2021-05-26T20:15:42","modified_gmt":"2021-05-26T18:15:42","slug":"se-desinscrire","status":"publish","type":"page","link":"https:\/\/www.bestfinance.ch\/fr\/abmelden\/","title":{"rendered":"se d\u00e9sinscrire"},"content":{"rendered":"<div data-elementor-type=\"wp-page\" data-elementor-id=\"14626\" class=\"elementor elementor-14626\" data-elementor-post-type=\"page\">\n\t\t\t\t\t\t<section class=\"elementor-section elementor-top-section elementor-element elementor-element-9d95724 elementor-section-height-min-height elementor-section-boxed elementor-section-height-default elementor-section-items-middle\" data-id=\"9d95724\" data-element_type=\"section\" data-e-type=\"section\" data-settings=\"{&quot;background_background&quot;:&quot;classic&quot;}\">\n\t\t\t\t\t\t<div class=\"elementor-container elementor-column-gap-default\">\n\t\t\t\t\t<div class=\"elementor-column elementor-col-100 elementor-top-column elementor-element elementor-element-7822620\" data-id=\"7822620\" data-element_type=\"column\" data-e-type=\"column\">\n\t\t\t<div class=\"elementor-widget-wrap\">\n\t\t\t\t\t\t\t<\/div>\n\t\t<\/div>\n\t\t\t\t\t<\/div>\n\t\t<\/section>\n\t\t\t\t<section class=\"elementor-section elementor-top-section elementor-element elementor-element-61634c4 elementor-section-boxed elementor-section-height-default elementor-section-height-default\" data-id=\"61634c4\" data-element_type=\"section\" data-e-type=\"section\">\n\t\t\t\t\t\t<div class=\"elementor-container elementor-column-gap-default\">\n\t\t\t\t\t<div class=\"elementor-column elementor-col-66 elementor-top-column elementor-element elementor-element-0d53911\" data-id=\"0d53911\" data-element_type=\"column\" data-e-type=\"column\">\n\t\t\t<div class=\"elementor-widget-wrap elementor-element-populated\">\n\t\t\t\t\t\t<div class=\"elementor-element elementor-element-75027aa elementor-widget elementor-widget-spacer\" data-id=\"75027aa\" data-element_type=\"widget\" data-e-type=\"widget\" data-widget_type=\"spacer.default\">\n\t\t\t\t\t\t\t<div class=\"elementor-spacer\">\n\t\t\t<div class=\"elementor-spacer-inner\"><\/div>\n\t\t<\/div>\n\t\t\t\t\t\t<\/div>\n\t\t\t\t<div class=\"elementor-element elementor-element-fa4fcc1 fluent-form-widget-step-header-yes fluent-form-widget-step-progressbar-yes fluentform-widget-submit-button-custom elementor-widget elementor-widget-fluent-form-widget\" data-id=\"fa4fcc1\" data-element_type=\"widget\" data-e-type=\"widget\" data-widget_type=\"fluent-form-widget.default\">\n\t\t\t\t<div class=\"elementor-widget-container\">\n\t\t\t\t\t\n            <div class=\"fluentform-widget-wrapper fluentform-widget-align-default\">\n\n            \n            <div class='fluentform ff-default fluentform_wrapper_20 ffs_default_wrap'><form data-form_id=\"20\" id=\"fluentform_20\" class=\"frm-fluent-form fluent_form_20 ff-el-form-top ff_form_instance_20_1 ff-form-loading ffs_default\" data-form_instance=\"ff_form_instance_20_1\" method=\"POST\" action=\"\" ><fieldset  style=\"border: none!important;margin: 0!important;padding: 0!important;background-color: transparent!important;box-shadow: none!important;outline: none!important; min-inline-size: 100%;\">\n                    <legend class=\"ff_screen_reader_title\" style=\"display: block; margin: 0!important;padding: 0!important;height: 0!important;text-indent: -999999px;width: 0!important;overflow:hidden;\">unsubscribe<\/legend>        <div\n                style=\"display: none!important; position: absolute!important; transform: translateX(1000%)!important;\"\n                class=\"ff-el-group ff-hpsf-container\"\n        >\n            <div class=\"ff-el-input--label asterisk-right\">\n                <label for=\"ff_20_item_sf\" aria-label=\"S&#039;abonner\">\n                    S'abonner                <\/label>\n            <\/div>\n            <div class=\"ff-el-input--content\">\n                <input type=\"text\"\n                       name=\"item_20__fluent_sf\"\n                       class=\"ff-el-form-control\"\n                       id=\"ff_20_item_sf\"\n                \/>\n            <\/div>\n        <\/div>\n        <input type='hidden' name='__fluent_form_embded_post_id' value='14626' \/><input type=\"hidden\" id=\"_fluentform_20_fluentformnonce\" name=\"_fluentform_20_fluentformnonce\" value=\"c390445567\" \/><input type=\"hidden\" name=\"_wp_http_referer\" value=\"\/fr\/wp-json\/wp\/v2\/pages\/14626\" \/><div class=\"ff-el-group ff-el-section-break  ff_left\" data-name=\"section_break-20_1\" ><h3 class='ff-el-section-title'>Courriels d'action de d\u00e9sabonnement<\/h3><div class='ff-section_break_desk'><p><strong>Veuillez confirmer que vous ne souhaitez plus recevoir d'e-mails promotionnels de bestfinance.ch.<\/strong><\/p>\n<p>Si vous souhaitez donner une raison pour votre d\u00e9sinscription, nous serons heureux de la recevoir.<\/p><\/div><hr \/><\/div><div data-name=\"ff_cn_id_1\"  class='ff-t-container ff-column-container ff_columns_total_1'><div class='ff-t-cell ff-t-column-1' style='flex-basis: 100%;'><div class='ff-el-group'><div class=\"ff-el-input--label asterisk-right\"><label   aria-label=\"D\u00e9sinscription de la newsletter\">D\u00e9sinscription de la newsletter<\/label><\/div><div class='ff-el-input--content'><div class='ff-el-form-check ff-el-form-check-'><label class='ff-el-form-check-label' for='checkbox_7c8211089c9ebf526eb04659ffec4f67'><input  type=\"checkbox\" name=\"checkbox[]\" data-name=\"checkbox\" class=\"ff-el-form-check-input ff-el-form-check-checkbox\" value=\"Inhalte waren nicht interessant\"  id='checkbox_7c8211089c9ebf526eb04659ffec4f67' aria-label='Le contenu n&#039;\u00e9tait pas int\u00e9ressant' aria-invalid='false' aria-required=\"false\"> <span>Le contenu n'\u00e9tait pas int\u00e9ressant<\/span><\/label><\/div><div class='ff-el-form-check ff-el-form-check-'><label class='ff-el-form-check-label' for='checkbox_9eb97b00cd4f49eb67df2fba462b1a1a'><input  type=\"checkbox\" name=\"checkbox[]\" data-name=\"checkbox\" class=\"ff-el-form-check-input ff-el-form-check-checkbox\" value=\"Zu hohe Versandfrequenz\"  id='checkbox_9eb97b00cd4f49eb67df2fba462b1a1a' aria-label='Fr\u00e9quence d&#039;exp\u00e9dition trop \u00e9lev\u00e9e' aria-invalid='false' aria-required=\"false\"> <span>Fr\u00e9quence d'exp\u00e9dition trop \u00e9lev\u00e9e<\/span><\/label><\/div><div class='ff-el-form-check ff-el-form-check-'><label class='ff-el-form-check-label' for='checkbox_45bba3eb37f3315c547cfe33e94eb9b9'><input  type=\"checkbox\" name=\"checkbox[]\" data-name=\"checkbox\" class=\"ff-el-form-check-input ff-el-form-check-checkbox\" value=\"Aktionen nicht attraktiv\"  id='checkbox_45bba3eb37f3315c547cfe33e94eb9b9' aria-label='Des actions peu attrayantes' aria-invalid='false' aria-required=\"false\"> <span>Des actions peu attrayantes<\/span><\/label><\/div><div class='ff-el-form-check ff-el-form-check-'><label class='ff-el-form-check-label' for='checkbox_abd58455fc7a925fb1459d9e2ff58044'><input  type=\"checkbox\" name=\"checkbox[]\" data-name=\"checkbox\" class=\"ff-el-form-check-input ff-el-form-check-checkbox\" value=\"Angebote per E-Mail sind st\u00f6rend\"  id='checkbox_abd58455fc7a925fb1459d9e2ff58044' aria-label='Les offres par courrier \u00e9lectronique sont ennuyeuses' aria-invalid='false' aria-required=\"false\"> <span>Les offres par courrier \u00e9lectronique sont ennuyeuses<\/span><\/label><\/div><div class='ff-el-form-check ff-el-form-check-'><label class='ff-el-form-check-label' for='checkbox_fb2749b89db06a91933e2ead0fcbcfff'><input  type=\"checkbox\" name=\"checkbox[]\" data-name=\"checkbox\" class=\"ff-el-form-check-input ff-el-form-check-checkbox\" value=\"Es hat keine aktive Anmeldung f\u00fcr Aktionsmails stattgefunden\"  id='checkbox_fb2749b89db06a91933e2ead0fcbcfff' aria-label='Il n&#039;y a pas eu d&#039;enregistrement actif pour les emails promotionnels' aria-invalid='false' aria-required=\"false\"> <span>Il n'y a pas eu d'enregistrement actif pour les emails promotionnels<\/span><\/label><\/div><\/div><\/div><\/div><\/div><div data-name=\"ff_cn_id_2\"  class='ff-t-container ff-column-container ff_columns_total_1'><div class='ff-t-cell ff-t-column-1' style='flex-basis: 100%;'><div class='ff-el-group'><div class=\"ff-el-input--label asterisk-right\"><label for='ff_20_description' id='label_ff_20_description' aria-label=\"Notes\">Notes <\/label><\/div><div class='ff-el-input--content'><textarea aria-required=\"false\" aria-labelledby=\"label_ff_20_description\" name=\"description\" id=\"ff_20_description\" class=\"ff-el-form-control\" placeholder=\"Avez-vous des suggestions ou des commentaires ?\" rows=\"3\" cols=\"2\" data-name=\"description\" ><\/textarea><\/div><\/div><\/div><\/div><div data-name=\"ff_cn_id_3\"  class='ff-t-container ff-column-container ff_columns_total_1'><div class='ff-t-cell ff-t-column-1' style='flex-basis: 100%;'><div class='ff-el-group'><div class=\"ff-el-input--label ff-el-is-required asterisk-right\"><label for='ff_20_email' id='label_ff_20_email' aria-label=\"Email\">Email<\/label><\/div><div class='ff-el-input--content'><input type=\"email\" name=\"email\" id=\"ff_20_email\" class=\"ff-el-form-control\" placeholder=\"Adresse e-mail\" data-name=\"email\"  aria-invalid=\"false\" aria-required=\"true\"><\/div><\/div><\/div><\/div><div class='ff-el-group ff-text-left ff_submit_btn_wrapper'><button type=\"submit\" class=\"ff-btn ff-btn-submit ff-btn-md ff_btn_style\"  aria-label=\"D\u00e9sinscription de la newsletter\">D\u00e9sinscription de la newsletter<\/button><\/div><\/fieldset><input type=\"hidden\" name=\"trp-form-language\" value=\"fr\"\/><\/form><div id='fluentform_20_errors' class='ff-errors-in-stack ff_form_instance_20_1 ff-form-loading_errors ff_form_instance_20_1_errors'><\/div><\/div>            <script type=\"text\/javascript\">\n                window.fluent_form_ff_form_instance_20_1 = {\"id\":\"20\",\"ajaxUrl\":\"https:\\\/\\\/www.bestfinance.ch\\\/wp-admin\\\/admin-ajax.php\",\"settings\":{\"layout\":{\"labelPlacement\":\"top\",\"helpMessagePlacement\":\"with_label\",\"errorMessagePlacement\":\"inline\",\"asteriskPlacement\":\"asterisk-right\"},\"restrictions\":{\"denyEmptySubmission\":{\"enabled\":false}}},\"form_instance\":\"ff_form_instance_20_1\",\"form_id_selector\":\"fluentform_20\",\"rules\":{\"checkbox\":{\"required\":{\"value\":false,\"message\":\"Dieses Feld ist erforderlich\"}},\"description\":{\"required\":{\"value\":false,\"message\":\"Dieses Feld ist erforderlich\"}},\"email\":{\"required\":{\"value\":true,\"message\":\"Dieses Feld ist erforderlich\"},\"email\":{\"value\":true,\"message\":\"Dieses Feld muss eine g\\u00fcltige E-Mail-Adresse enthalten\"}}},\"debounce_time\":300};\n                            <\/script>\n                        <\/div>\n\n            \t\t\t\t<\/div>\n\t\t\t\t<\/div>\n\t\t\t\t\t<\/div>\n\t\t<\/div>\n\t\t\t\t<div class=\"elementor-column elementor-col-33 elementor-top-column elementor-element elementor-element-384052a\" data-id=\"384052a\" data-element_type=\"column\" data-e-type=\"column\">\n\t\t\t<div class=\"elementor-widget-wrap elementor-element-populated\">\n\t\t\t\t\t\t<div class=\"elementor-element elementor-element-72e02ad elementor-widget elementor-widget-image\" data-id=\"72e02ad\" data-element_type=\"widget\" data-e-type=\"widget\" data-widget_type=\"image.default\">\n\t\t\t\t\t\t\t\t\t\t\t\t\t\t\t<img fetchpriority=\"high\" decoding=\"async\" width=\"427\" height=\"240\" src=\"https:\/\/www.bestfinance.ch\/wp-content\/uploads\/2020\/05\/bestfinance.ch-crying.gif\" class=\"attachment-large size-large wp-image-14635\" alt=\"\" \/>\t\t\t\t\t\t\t\t\t\t\t\t\t\t\t<\/div>\n\t\t\t\t<div class=\"elementor-element elementor-element-2c3e0bf elementor-widget elementor-widget-text-editor\" data-id=\"2c3e0bf\" data-element_type=\"widget\" data-e-type=\"widget\" data-widget_type=\"text-editor.default\">\n\t\t\t\t\t\t\t\t\t<p style=\"text-align: center;\" class=\"translation-block\">Dommage que vous vous d\u00e9sinscriviez de<br>la liste de diffusion pour les emails d'action<br>.<\/p>\t\t\t\t\t\t\t\t<\/div>\n\t\t\t\t\t<\/div>\n\t\t<\/div>\n\t\t\t\t\t<\/div>\n\t\t<\/section>\n\t\t\t\t<\/div>","protected":false},"excerpt":{"rendered":"<p>Abmeldung Aktionsmails\u200b Bitte best\u00e4tigen Sie, dass Sie keine Werbe-E-Mails von bestfinance.ch mehr erhalten m\u00f6chten. Falls Sie einen Grund f\u00fcr die Abmeldung angeben m\u00f6chten, w\u00fcrden wir uns freuen diesen zu erhalten. Newsletter abbestellen Inhalte waren nicht interessant Zu hohe Versandfrequenz Aktionen nicht attraktiv Angebote per E-Mail sind st\u00f6rend Es hat keine aktive Anmeldung f\u00fcr Aktionsmails stattgefundenAnmerkungen [&hellip;]<\/p>\n","protected":false},"author":2,"featured_media":0,"parent":0,"menu_order":0,"comment_status":"closed","ping_status":"closed","template":"","meta":{"_acf_changed":false,"_seopress_robots_primary_cat":"","_seopress_titles_title":"Opt-out von bestfinance.ch Werbe-E-Mails einfach!","_seopress_titles_desc":"Best\u00e4tigen Sie Ihre Abmeldung von Bestfinance.ch Aktionsmails, um keine unerw\u00fcnschten E-Mails mehr zu erhalten.","_seopress_robots_index":"","_eb_attr":"","site-sidebar-layout":"default","site-content-layout":"","ast-site-content-layout":"default","site-content-style":"default","site-sidebar-style":"default","ast-global-header-display":"","ast-banner-title-visibility":"","ast-main-header-display":"","ast-hfb-above-header-display":"","ast-hfb-below-header-display":"","ast-hfb-mobile-header-display":"","site-post-title":"disabled","ast-breadcrumbs-content":"","ast-featured-img":"","footer-sml-layout":"","ast-disable-related-posts":"","theme-transparent-header-meta":"","adv-header-id-meta":null,"stick-header-meta":"","header-above-stick-meta":"","header-main-stick-meta":"","header-below-stick-meta":null,"astra-migrate-meta-layouts":"default","ast-page-background-enabled":"default","ast-page-background-meta":{"desktop":{"background-color":"","background-image":"","background-repeat":"repeat","background-position":"center center","background-size":"auto","background-attachment":"scroll","background-type":"","background-media":"","overlay-type":"","overlay-color":"","overlay-opacity":"","overlay-gradient":""},"tablet":{"background-color":"","background-image":"","background-repeat":"repeat","background-position":"center center","background-size":"auto","background-attachment":"scroll","background-type":"","background-media":"","overlay-type":"","overlay-color":"","overlay-opacity":"","overlay-gradient":""},"mobile":{"background-color":"","background-image":"","background-repeat":"repeat","background-position":"center center","background-size":"auto","background-attachment":"scroll","background-type":"","background-media":"","overlay-type":"","overlay-color":"","overlay-opacity":"","overlay-gradient":""}},"ast-content-background-meta":{"desktop":{"background-color":"var(--ast-global-color-5)","background-image":"","background-repeat":"repeat","background-position":"center center","background-size":"auto","background-attachment":"scroll","background-type":"","background-media":"","overlay-type":"","overlay-color":"","overlay-opacity":"","overlay-gradient":""},"tablet":{"background-color":"var(--ast-global-color-5)","background-image":"","background-repeat":"repeat","background-position":"center center","background-size":"auto","background-attachment":"scroll","background-type":"","background-media":"","overlay-type":"","overlay-color":"","overlay-opacity":"","overlay-gradient":""},"mobile":{"background-color":"var(--ast-global-color-5)","background-image":"","background-repeat":"repeat","background-position":"center center","background-size":"auto","background-attachment":"scroll","background-type":"","background-media":"","overlay-type":"","overlay-color":"","overlay-opacity":"","overlay-gradient":""}},"footnotes":""},"class_list":["post-14626","page","type-page","status-publish","hentry"],"acf":[],"_links":{"self":[{"href":"https:\/\/www.bestfinance.ch\/fr\/wp-json\/wp\/v2\/pages\/14626","targetHints":{"allow":["GET"]}}],"collection":[{"href":"https:\/\/www.bestfinance.ch\/fr\/wp-json\/wp\/v2\/pages"}],"about":[{"href":"https:\/\/www.bestfinance.ch\/fr\/wp-json\/wp\/v2\/types\/page"}],"author":[{"embeddable":true,"href":"https:\/\/www.bestfinance.ch\/fr\/wp-json\/wp\/v2\/users\/2"}],"replies":[{"embeddable":true,"href":"https:\/\/www.bestfinance.ch\/fr\/wp-json\/wp\/v2\/comments?post=14626"}],"version-history":[{"count":0,"href":"https:\/\/www.bestfinance.ch\/fr\/wp-json\/wp\/v2\/pages\/14626\/revisions"}],"wp:attachment":[{"href":"https:\/\/www.bestfinance.ch\/fr\/wp-json\/wp\/v2\/media?parent=14626"}],"curies":[{"name":"wp","href":"https:\/\/api.w.org\/{rel}","templated":true}]}}