{"id":445,"date":"2014-12-05T14:46:30","date_gmt":"2014-12-05T12:46:30","guid":{"rendered":"http:\/\/bestfinance.ch\/?page_id=445"},"modified":"2025-03-27T15:07:41","modified_gmt":"2025-03-27T14:07:41","slug":"puestos-de-trabajo","status":"publish","type":"page","link":"https:\/\/www.bestfinance.ch\/es\/jobs\/","title":{"rendered":"Pr\u00e1cticas para 2025"},"content":{"rendered":"<div data-elementor-type=\"wp-page\" data-elementor-id=\"445\" class=\"elementor elementor-445\" data-elementor-post-type=\"page\">\n\t\t\t\t\t\t<section class=\"elementor-section elementor-top-section elementor-element elementor-element-e6e0473 elementor-section-height-min-height elementor-section-boxed elementor-section-height-default elementor-section-items-middle\" data-id=\"e6e0473\" data-element_type=\"section\" data-e-type=\"section\" data-settings=\"{&quot;background_background&quot;:&quot;classic&quot;}\">\n\t\t\t\t\t\t<div class=\"elementor-container elementor-column-gap-default\">\n\t\t\t\t\t<div class=\"elementor-column elementor-col-100 elementor-top-column elementor-element elementor-element-639d195\" data-id=\"639d195\" data-element_type=\"column\" data-e-type=\"column\">\n\t\t\t<div class=\"elementor-widget-wrap\">\n\t\t\t\t\t\t\t<\/div>\n\t\t<\/div>\n\t\t\t\t\t<\/div>\n\t\t<\/section>\n\t\t\t\t<section class=\"elementor-section elementor-top-section elementor-element elementor-element-cc91db2 elementor-section-boxed elementor-section-height-default elementor-section-height-default\" data-id=\"cc91db2\" data-element_type=\"section\" data-e-type=\"section\">\n\t\t\t\t\t\t<div class=\"elementor-container elementor-column-gap-default\">\n\t\t\t\t\t<div class=\"elementor-column elementor-col-100 elementor-top-column elementor-element elementor-element-6134b9b\" data-id=\"6134b9b\" data-element_type=\"column\" data-e-type=\"column\">\n\t\t\t<div class=\"elementor-widget-wrap elementor-element-populated\">\n\t\t\t\t\t\t<div class=\"elementor-element elementor-element-44cde8a elementor-widget elementor-widget-text-editor\" data-id=\"44cde8a\" data-element_type=\"widget\" data-e-type=\"widget\" data-widget_type=\"text-editor.default\">\n\t\t\t\t\t\t\t\t\t<h1><span style=\"color: #333300;\"><strong>Pr\u00e1cticas comerciales - <\/strong><span style=\"font-size: 20px;\">&nbsp;<\/span><\/span><strong style=\"color: #333300; font-size: 64px;\">para 2026<\/strong><\/h1>\n<div>&nbsp;<\/div>\n<p><strong>Buscamos a una persona motivada y comprometida para unirse a nuestro equipo como empleado de procesamiento de cr\u00e9ditos.<\/strong><\/p>\n<h3><strong>\u00c1mbito de actividad<\/strong><strong>&nbsp;<\/strong><\/h3>\n<div>\n<ul>\n<li>Asesoramiento competente, ventas y atenci\u00f3n al cliente por tel\u00e9fono o en nuestra recepci\u00f3n<\/li>\n<li>Identificaci\u00f3n de soluciones de cr\u00e9dito personalizadas<\/li>\n<li>Validaci\u00f3n de las solicitudes de pr\u00e9stamo recibidas, revisi\u00f3n, tramitaci\u00f3n de contratos<\/li>\n<li>Apoyo activo en el desarrollo de nuestra unidad de negocio y ventas<\/li>\n<li>Mantenimiento de datos en nuestro CRM<\/li>\n<li>Obtenci\u00f3n, comprobaci\u00f3n y archivo de los documentos necesarios de los clientes<\/li>\n<li>Obtenci\u00f3n de informaci\u00f3n de bases de datos externas<\/li>\n<li>Establecer y mantener relaciones comerciales sostenibles con clientes y bancos asociados<\/li>\n<li>Amplia correspondencia con los clientes<\/li>\n<\/ul>\n<\/div>\n<h3><strong>Cualificaciones<\/strong><strong>&nbsp;<\/strong><\/h3>\n<ul>\n<li>Buenos conocimientos (paleta MS Office)<\/li>\n<li>Idioma Alem\u00e1n <strong>&nbsp;(se valorar\u00e1n otros idiomas)<\/strong><\/li>\n<li>Trabajo independiente, preciso y cuidadoso<\/li>\n<li>Facilidad de venta<\/li>\n<li>Disfrute de un contacto activo con el cliente<\/li>\n<li>Resistencia y compromiso<\/li>\n<li>Fiable y acostumbrado a trabajar de forma independiente<\/li>\n<\/ul>\n<h3><strong>Lo que le ofrecemos<\/strong><strong>&nbsp;<\/strong><\/h3>\n<ul>\n<li>Espacio de oficinas en una ubicaci\u00f3n c\u00e9ntrica con excelentes conexiones de transporte p\u00fablico (estaci\u00f3n de tren de Aarau)<\/li>\n<li>Colaboraci\u00f3n motivada en un equipo peque\u00f1o, joven y din\u00e1mico<\/li>\n<li>La oportunidad de aportar y aplicar sus propias ideas y estrategias<\/li>\n<\/ul>\n<h5>\u00bfTe atrae? Entonces deber\u00edamos conocernos. Esperamos recibir su solicitud.<\/h5>\n<h5><strong>Env\u00ede la documentaci\u00f3n completa de su candidatura (preferiblemente por correo electr\u00f3nico) a<\/strong><\/h5>\n<h3>&nbsp;<\/h3>\n<p><strong>Best-Finance GmbH<br>Dino Ferraro<br>Apartado de correos 2350<br>5001 Aarau<br><\/strong><\/p>\n<p><strong><a title=\"Puesto de pr\u00e1cticas\" href=\"mailto:dino.ferraro@best-finance.ch\">dino.ferraro@best-finance.ch<\/a><br><\/strong><\/p>\n<p><a href=\"https:\/\/www.bestfinance.ch\/es\/\">www.bestfinance.<\/a><\/p>\t\t\t\t\t\t\t\t<\/div>\n\t\t\t\t\t<\/div>\n\t\t<\/div>\n\t\t\t\t\t<\/div>\n\t\t<\/section>\n\t\t\t\t<\/div>","protected":false},"excerpt":{"rendered":"<p>Kaufm\u00e4nnisches Praktikum &#8211; &nbsp;f\u00fcr 2026 &nbsp; Wir suchen eine motivierte und engagierte Pers\u00f6nlichkeit als Mitarbeiter*in Kreditverarbeitung f\u00fcr unser Team. Aufgabenbereich&nbsp; Beratung, Verkauf und Kundenbetreuung am Telefon oder an unserem Empfangsschalter kompetent beraten Ermittlung von massgeschneiderten Kreditl\u00f6sungen Validierung der eingegangenen Kreditantr\u00e4ge, Pr\u00fcfung, Vertragsabwicklung Aktive Unterst\u00fctzung beim Aufbau unsere Gesch\u00e4ftsbereichs und Verkauf Datenpflege in unserem CRM Beschaffen, [&hellip;]<\/p>\n","protected":false},"author":2,"featured_media":182,"parent":0,"menu_order":6,"comment_status":"closed","ping_status":"closed","template":"","meta":{"_acf_changed":false,"_seopress_robots_primary_cat":"","_seopress_titles_title":"Praktikum 2025 in Kreditverarbeitung \u2013 Best-Finance","_seopress_titles_desc":"Schlie\u00dfen Sie sich unserem Team in Aarau an f\u00fcr ein Praktikum in Kreditverarbeitung und Kundenbetreuung 2025.","_seopress_robots_index":"","_eb_attr":"","site-sidebar-layout":"default","site-content-layout":null,"ast-site-content-layout":"default","site-content-style":"default","site-sidebar-style":"default","ast-global-header-display":"","ast-banner-title-visibility":"","ast-main-header-display":"","ast-hfb-above-header-display":null,"ast-hfb-below-header-display":null,"ast-hfb-mobile-header-display":null,"site-post-title":"disabled","ast-breadcrumbs-content":null,"ast-featured-img":"","footer-sml-layout":"","ast-disable-related-posts":"","theme-transparent-header-meta":"default","adv-header-id-meta":null,"stick-header-meta":"default","header-above-stick-meta":"","header-main-stick-meta":"","header-below-stick-meta":null,"astra-migrate-meta-layouts":"set","ast-page-background-enabled":"default","ast-page-background-meta":{"desktop":{"background-color":"","background-image":"","background-repeat":"repeat","background-position":"center center","background-size":"auto","background-attachment":"scroll","background-type":"","background-media":"","overlay-type":"","overlay-color":"","overlay-opacity":"","overlay-gradient":""},"tablet":{"background-color":"","background-image":"","background-repeat":"repeat","background-position":"center center","background-size":"auto","background-attachment":"scroll","background-type":"","background-media":"","overlay-type":"","overlay-color":"","overlay-opacity":"","overlay-gradient":""},"mobile":{"background-color":"","background-image":"","background-repeat":"repeat","background-position":"center center","background-size":"auto","background-attachment":"scroll","background-type":"","background-media":"","overlay-type":"","overlay-color":"","overlay-opacity":"","overlay-gradient":""}},"ast-content-background-meta":{"desktop":{"background-color":"var(--ast-global-color-5)","background-image":"","background-repeat":"repeat","background-position":"center center","background-size":"auto","background-attachment":"scroll","background-type":"","background-media":"","overlay-type":"","overlay-color":"","overlay-opacity":"","overlay-gradient":""},"tablet":{"background-color":"var(--ast-global-color-5)","background-image":"","background-repeat":"repeat","background-position":"center center","background-size":"auto","background-attachment":"scroll","background-type":"","background-media":"","overlay-type":"","overlay-color":"","overlay-opacity":"","overlay-gradient":""},"mobile":{"background-color":"var(--ast-global-color-5)","background-image":"","background-repeat":"repeat","background-position":"center center","background-size":"auto","background-attachment":"scroll","background-type":"","background-media":"","overlay-type":"","overlay-color":"","overlay-opacity":"","overlay-gradient":""}},"footnotes":""},"class_list":["post-445","page","type-page","status-publish","has-post-thumbnail","hentry"],"acf":[],"_links":{"self":[{"href":"https:\/\/www.bestfinance.ch\/es\/wp-json\/wp\/v2\/pages\/445","targetHints":{"allow":["GET"]}}],"collection":[{"href":"https:\/\/www.bestfinance.ch\/es\/wp-json\/wp\/v2\/pages"}],"about":[{"href":"https:\/\/www.bestfinance.ch\/es\/wp-json\/wp\/v2\/types\/page"}],"author":[{"embeddable":true,"href":"https:\/\/www.bestfinance.ch\/es\/wp-json\/wp\/v2\/users\/2"}],"replies":[{"embeddable":true,"href":"https:\/\/www.bestfinance.ch\/es\/wp-json\/wp\/v2\/comments?post=445"}],"version-history":[{"count":4,"href":"https:\/\/www.bestfinance.ch\/es\/wp-json\/wp\/v2\/pages\/445\/revisions"}],"predecessor-version":[{"id":199865,"href":"https:\/\/www.bestfinance.ch\/es\/wp-json\/wp\/v2\/pages\/445\/revisions\/199865"}],"wp:featuredmedia":[{"embeddable":true,"href":"https:\/\/www.bestfinance.ch\/es\/wp-json\/wp\/v2\/media\/182"}],"wp:attachment":[{"href":"https:\/\/www.bestfinance.ch\/es\/wp-json\/wp\/v2\/media?parent=445"}],"curies":[{"name":"wp","href":"https:\/\/api.w.org\/{rel}","templated":true}]}}