{"id":3562,"date":"2017-01-15T12:37:19","date_gmt":"2017-01-15T11:37:19","guid":{"rendered":"https:\/\/www.bestfinance.ch\/?page_id=3562"},"modified":"2021-02-16T11:57:50","modified_gmt":"2021-02-16T10:57:50","slug":"contest","status":"publish","type":"page","link":"https:\/\/www.bestfinance.ch\/en\/wettbewerb\/","title":{"rendered":"Big competition !"},"content":{"rendered":"<p><strong>Fordern Sie Ihr Gl\u00fcck heraus und gewinnen Sie attraktive Preise, wie ein neues Iphone 7 und Coop Geschenkkarten!<\/strong><\/p>\n<p><em><strong>1 x\u00a0 \u00a0Iphone 7<\/strong><\/em><br \/>\n<em><strong>3 x \u00a0CHF 100.-<\/strong><\/em><br \/>\n<em><strong>5 x \u00a0CHF 50.-<\/strong><\/em><\/p>\n<p>Mitmachen ist ganz einfach:<br \/>\nF\u00fcllen Sie einfach das Formular aus\u00a0und schon nehmen Sie automatisch an der Verlosung teil.<\/p>\n<p>&nbsp;<\/p>\n<p>[contact-form-7 id=&#187;3561&#8243; title=&#187;Wettbewerb-DE&#187;]<\/p>\n<p>&nbsp;<\/p>\n<h6><strong>**Teilnahmebedingungen:<\/strong> <strong>Einsendeschluss ist der 31.07.2017.<\/strong> Teilnahmeberechtigt ist jede Person mit Schweizer Wohnsitz und Personen \u00fcber 18 Jahre. Mitarbeiter\/Innen von Best-Finance sind vom Wettbewerb ausgeschlossen. Keine Barauszahlung. \u00dcber den Wettbewerb wird keine Korrespondenz gef\u00fchrt. Der Rechtsweg ist ausgeschlossen. Mit Ihrer Teilnahme erkl\u00e4ren Sie Ihr Einverst\u00e4ndnis, dass Best-Finance GmbH und Partner die Daten evtl. zu Marketingzwecken verwenden. Die Gewinner werden schriftlich oder telefonisch benachrichtigt.<\/h6>\n","protected":false},"excerpt":{"rendered":"<p>Fordern Sie Ihr Gl\u00fcck heraus und gewinnen Sie attraktive Preise, wie ein neues Iphone 7 und Coop Geschenkkarten! 1 x\u00a0 \u00a0Iphone 7 3 x \u00a0CHF 100.- 5 x \u00a0CHF 50.- Mitmachen ist ganz einfach: F\u00fcllen Sie einfach das Formular aus\u00a0und schon nehmen Sie automatisch an der Verlosung teil. &nbsp; [contact-form-7 id=&#187;3561&#8243; title=&#187;Wettbewerb-DE&#187;] &nbsp; **Teilnahmebedingungen: Einsendeschluss [&hellip;]<\/p>\n","protected":false},"author":2,"featured_media":3588,"parent":0,"menu_order":0,"comment_status":"closed","ping_status":"closed","template":"","meta":{"_acf_changed":false,"_seopress_robots_primary_cat":"","_seopress_titles_title":"Grosser Wettbewerb ! \u203a Kredit - bestfinance.ch","_seopress_titles_desc":"Fordern Sie Ihr Gl\u00fcck heraus und gewinnen Sie attraktive Preise, wie ein neues Iphone 7 und Coop Geschenkkarten! 1 x   Iphone 7 3 x  CHF 100.- 5 x  CHF 50.- Mitmachen ist ganz einfach: F\u00fcllen Sie einfach das Formular aus und schon nehmen Sie automatisch an der Verlosung teil. ...","_seopress_robots_index":"","_eb_attr":"","site-sidebar-layout":"default","site-content-layout":"","ast-site-content-layout":"default","site-content-style":"default","site-sidebar-style":"default","ast-global-header-display":"","ast-banner-title-visibility":"","ast-main-header-display":"","ast-hfb-above-header-display":"","ast-hfb-below-header-display":"","ast-hfb-mobile-header-display":"","site-post-title":"disabled","ast-breadcrumbs-content":"","ast-featured-img":"","footer-sml-layout":"","ast-disable-related-posts":"","theme-transparent-header-meta":"","adv-header-id-meta":null,"stick-header-meta":"","header-above-stick-meta":"","header-main-stick-meta":"","header-below-stick-meta":null,"astra-migrate-meta-layouts":"default","ast-page-background-enabled":"default","ast-page-background-meta":{"desktop":{"background-color":"","background-image":"","background-repeat":"repeat","background-position":"center center","background-size":"auto","background-attachment":"scroll","background-type":"","background-media":"","overlay-type":"","overlay-color":"","overlay-opacity":"","overlay-gradient":""},"tablet":{"background-color":"","background-image":"","background-repeat":"repeat","background-position":"center center","background-size":"auto","background-attachment":"scroll","background-type":"","background-media":"","overlay-type":"","overlay-color":"","overlay-opacity":"","overlay-gradient":""},"mobile":{"background-color":"","background-image":"","background-repeat":"repeat","background-position":"center center","background-size":"auto","background-attachment":"scroll","background-type":"","background-media":"","overlay-type":"","overlay-color":"","overlay-opacity":"","overlay-gradient":""}},"ast-content-background-meta":{"desktop":{"background-color":"var(--ast-global-color-5)","background-image":"","background-repeat":"repeat","background-position":"center center","background-size":"auto","background-attachment":"scroll","background-type":"","background-media":"","overlay-type":"","overlay-color":"","overlay-opacity":"","overlay-gradient":""},"tablet":{"background-color":"var(--ast-global-color-5)","background-image":"","background-repeat":"repeat","background-position":"center center","background-size":"auto","background-attachment":"scroll","background-type":"","background-media":"","overlay-type":"","overlay-color":"","overlay-opacity":"","overlay-gradient":""},"mobile":{"background-color":"var(--ast-global-color-5)","background-image":"","background-repeat":"repeat","background-position":"center center","background-size":"auto","background-attachment":"scroll","background-type":"","background-media":"","overlay-type":"","overlay-color":"","overlay-opacity":"","overlay-gradient":""}},"footnotes":""},"class_list":["post-3562","page","type-page","status-publish","has-post-thumbnail","hentry"],"acf":[],"_links":{"self":[{"href":"https:\/\/www.bestfinance.ch\/en\/wp-json\/wp\/v2\/pages\/3562","targetHints":{"allow":["GET"]}}],"collection":[{"href":"https:\/\/www.bestfinance.ch\/en\/wp-json\/wp\/v2\/pages"}],"about":[{"href":"https:\/\/www.bestfinance.ch\/en\/wp-json\/wp\/v2\/types\/page"}],"author":[{"embeddable":true,"href":"https:\/\/www.bestfinance.ch\/en\/wp-json\/wp\/v2\/users\/2"}],"replies":[{"embeddable":true,"href":"https:\/\/www.bestfinance.ch\/en\/wp-json\/wp\/v2\/comments?post=3562"}],"version-history":[{"count":0,"href":"https:\/\/www.bestfinance.ch\/en\/wp-json\/wp\/v2\/pages\/3562\/revisions"}],"wp:featuredmedia":[{"embeddable":true,"href":"https:\/\/www.bestfinance.ch\/en\/wp-json\/wp\/v2\/media\/3588"}],"wp:attachment":[{"href":"https:\/\/www.bestfinance.ch\/en\/wp-json\/wp\/v2\/media?parent=3562"}],"curies":[{"name":"wp","href":"https:\/\/api.w.org\/{rel}","templated":true}]}}