{"id":250,"date":"2014-11-25T17:02:00","date_gmt":"2014-11-25T15:02:00","guid":{"rendered":"http:\/\/bestfinance.ch\/?page_id=250"},"modified":"2021-05-25T13:20:17","modified_gmt":"2021-05-25T11:20:17","slug":"impressum","status":"publish","type":"page","link":"https:\/\/www.bestfinance.ch\/en\/impressum\/","title":{"rendered":"Impressum"},"content":{"rendered":"<div class=\"txt-main main-content-block\">\n<p><strong>We are a modern and dynamic credit company that has been involved in arranging personal loans and mortgages for over 10 years.<\/strong> (Officially authorised credit agency)<\/p>\n<p>Our aim is to facilitate fast and uncomplicated loan processing.<\/p>\n<p><strong>The range of personal loans on offer in Switzerland is diverse and confusing. It is almost impossible for individuals to keep track of these offers, sort out dubious providers and obtain the best possible loan offer with little effort.<\/strong><\/p>\n<p>Thanks to optimal support and carefully selected partner banks, we are able to guarantee you a customised financing solution with the lowest interest rates.<\/p>\n<p>Our high-quality service is always guaranteed by the utmost discretion, reliability and a high level of expertise.<\/p>\n<p><span style=\"color: #339966;\">All our services are free of charge and without obligation!<\/span><\/p>\n<p>Head office:<br \/>\n<strong>Best-Finance GmbH<\/strong><br \/>\n<strong>Bahnhofstrasse 67<\/strong><br \/>\n<strong>PO Box 2140<\/strong><br \/>\n<strong>5001 Aarau<\/strong><\/p>\n<p><a href=\"mailto:info@bestfinance.ch\">info@bestfinance.ch<\/a><\/p>\n<p>Tel. 062 823 08 03<br \/>\nFax 062 823 08 04<\/p>\n<p>Commercial register: <strong>CHE-110.500.807<\/strong><\/p>\n<p><strong>Best-Finance GmbH is an audited and certified Swiss company with a cantonal licence for credit brokerage.<\/strong><\/p>\n<div style=\"width: 750px;\" class=\"wp-video\"><video class=\"wp-video-shortcode\" id=\"video-250-1\" width=\"750\" height=\"422\" poster=\"https:\/\/www.bestfinance.ch\/wp-content\/uploads\/2015\/03\/Ueber-uns.jpg\" preload=\"metadata\" controls=\"controls\"><source type=\"video\/mp4\" src=\"https:\/\/www.bestfinance.ch\/wp-content\/uploads\/2015\/03\/bestfinance-Portrait.mp4?_=1\" \/><a href=\"https:\/\/www.bestfinance.ch\/wp-content\/uploads\/2015\/03\/bestfinance-Portrait.mp4\">https:\/\/www.bestfinance.ch\/wp-content\/uploads\/2015\/03\/bestfinance-Portrait.mp4<\/a><\/video><\/div>\n<\/div>\n<div class=\"txt-main main-content-block\">\n<p><a href=\"https:\/\/ag.chregister.ch\/cr-portal\/auszug\/auszug.xhtml;jsessionid=ec04042c270c4933666c9dec8b73?uid=CHE-110.500.807\">Commercial Register Canton Aargau<\/a><\/p>\n<p><a href=\"https:\/\/www.zefix.ch\/de\/search\/entity\/list\/firm\/734980?name=best-finance&amp;searchType=exact\">Zefix.ch Central Company Index<\/a><\/p>\n<p><a href=\"http:\/\/stadtbranche.ch\/p-6860&amp;c=1\">Entry CityBranch experiences<\/a><\/p>\n<\/div>","protected":false},"excerpt":{"rendered":"<p>Wir sind ein modernes und dynamisches Kreditunternehmen, das sich seit \u00fcber\u00a010 Jahren mit der Vermittlung von Privatkrediten und Hypotheken befasst. (Amtlich bewilligte Kreditagentur) Unser Ziel ist es, eine rasche und unkomplizierte Kreditabwicklung zu erm\u00f6glichen. Das Angebot f\u00fcr Privat Kredite in der Schweiz ist vielf\u00e4ltig und un\u00fcbersichtlich. Diese Angebote zu \u00fcberblicken, zweifelhafte Anbieter auszusortieren und mit [&hellip;]<\/p>\n","protected":false},"author":1,"featured_media":182,"parent":0,"menu_order":0,"comment_status":"closed","ping_status":"open","template":"","meta":{"_acf_changed":false,"_seopress_robots_primary_cat":"","_seopress_titles_title":"bestfinance.ch - Unser Impressum","_seopress_titles_desc":"Entdecken Sie massgeschneiderte Kreditl\u00f6sungen mit niedrigen Zinsen und professioneller Beratung bei Best-Finance.","_seopress_robots_index":"","_eb_attr":"","site-sidebar-layout":"default","site-content-layout":"plain-container","ast-site-content-layout":"default","site-content-style":"default","site-sidebar-style":"default","ast-global-header-display":"","ast-banner-title-visibility":"","ast-main-header-display":"","ast-hfb-above-header-display":"","ast-hfb-below-header-display":"","ast-hfb-mobile-header-display":"","site-post-title":"","ast-breadcrumbs-content":"","ast-featured-img":"","footer-sml-layout":"","ast-disable-related-posts":"","theme-transparent-header-meta":"disabled","adv-header-id-meta":null,"stick-header-meta":"default","header-above-stick-meta":"","header-main-stick-meta":"","header-below-stick-meta":"","astra-migrate-meta-layouts":"default","ast-page-background-enabled":"default","ast-page-background-meta":{"desktop":{"background-color":"","background-image":"","background-repeat":"repeat","background-position":"center center","background-size":"auto","background-attachment":"scroll","background-type":"","background-media":"","overlay-type":"","overlay-color":"","overlay-opacity":"","overlay-gradient":""},"tablet":{"background-color":"","background-image":"","background-repeat":"repeat","background-position":"center center","background-size":"auto","background-attachment":"scroll","background-type":"","background-media":"","overlay-type":"","overlay-color":"","overlay-opacity":"","overlay-gradient":""},"mobile":{"background-color":"","background-image":"","background-repeat":"repeat","background-position":"center center","background-size":"auto","background-attachment":"scroll","background-type":"","background-media":"","overlay-type":"","overlay-color":"","overlay-opacity":"","overlay-gradient":""}},"ast-content-background-meta":{"desktop":{"background-color":"var(--ast-global-color-5)","background-image":"","background-repeat":"repeat","background-position":"center center","background-size":"auto","background-attachment":"scroll","background-type":"","background-media":"","overlay-type":"","overlay-color":"","overlay-opacity":"","overlay-gradient":""},"tablet":{"background-color":"var(--ast-global-color-5)","background-image":"","background-repeat":"repeat","background-position":"center center","background-size":"auto","background-attachment":"scroll","background-type":"","background-media":"","overlay-type":"","overlay-color":"","overlay-opacity":"","overlay-gradient":""},"mobile":{"background-color":"var(--ast-global-color-5)","background-image":"","background-repeat":"repeat","background-position":"center center","background-size":"auto","background-attachment":"scroll","background-type":"","background-media":"","overlay-type":"","overlay-color":"","overlay-opacity":"","overlay-gradient":""}},"footnotes":""},"class_list":["post-250","page","type-page","status-publish","has-post-thumbnail","hentry"],"acf":[],"_links":{"self":[{"href":"https:\/\/www.bestfinance.ch\/en\/wp-json\/wp\/v2\/pages\/250","targetHints":{"allow":["GET"]}}],"collection":[{"href":"https:\/\/www.bestfinance.ch\/en\/wp-json\/wp\/v2\/pages"}],"about":[{"href":"https:\/\/www.bestfinance.ch\/en\/wp-json\/wp\/v2\/types\/page"}],"author":[{"embeddable":true,"href":"https:\/\/www.bestfinance.ch\/en\/wp-json\/wp\/v2\/users\/1"}],"replies":[{"embeddable":true,"href":"https:\/\/www.bestfinance.ch\/en\/wp-json\/wp\/v2\/comments?post=250"}],"version-history":[{"count":0,"href":"https:\/\/www.bestfinance.ch\/en\/wp-json\/wp\/v2\/pages\/250\/revisions"}],"wp:featuredmedia":[{"embeddable":true,"href":"https:\/\/www.bestfinance.ch\/en\/wp-json\/wp\/v2\/media\/182"}],"wp:attachment":[{"href":"https:\/\/www.bestfinance.ch\/en\/wp-json\/wp\/v2\/media?parent=250"}],"curies":[{"name":"wp","href":"https:\/\/api.w.org\/{rel}","templated":true}]}}